{"id":1894,"date":"2019-12-03T14:39:35","date_gmt":"2019-12-03T13:39:35","guid":{"rendered":"http:\/\/awards.eviivo.com\/fr\/?page_id=1894"},"modified":"2019-12-06T10:08:08","modified_gmt":"2019-12-06T09:08:08","slug":"presse","status":"publish","type":"page","link":"https:\/\/awards.eviivo.com\/fr\/presse\/","title":{"rendered":"Presse"},"content":{"rendered":"<p>[et_pb_section fb_built=&#8221;1&#8243; admin_label=&#8221;Internal Page Title&#8221; _builder_version=&#8221;3.22.4&#8243; background_color=&#8221;#000000&#8243; use_background_color_gradient=&#8221;on&#8221; background_color_gradient_start=&#8221;#000000&#8243; background_color_gradient_end=&#8221;#888888&#8243; background_color_gradient_direction=&#8221;90deg&#8221; background_color_gradient_start_position=&#8221;30%&#8221; background_color_gradient_end_position=&#8221;95%&#8221; background_image=&#8221;https:\/\/awards.eviivo.com\/fr\/wp-content\/uploads\/sites\/3\/2019\/05\/eviivo-awards.jpg&#8221; background_size=&#8221;initial&#8221;][et_pb_row _builder_version=&#8221;3.22.4&#8243;][et_pb_column type=&#8221;4_4&#8243; _builder_version=&#8221;3.22.4&#8243;][et_pb_text _builder_version=&#8221;3.22.4&#8243; text_font=&#8221;||||||||&#8221; text_text_color=&#8221;#000000&#8243; text_font_size=&#8221;24px&#8221; text_orientation=&#8221;center&#8221; custom_margin=&#8221;||16px&#8221;]eviivo Awards 2019<br \/>\n[\/et_pb_text][et_pb_text admin_label=&#8221;Text&#8221; _builder_version=&#8221;3.22.4&#8243; text_font=&#8221;||||||||&#8221; text_text_color=&#8221;#000000&#8243; header_font=&#8221;|700|||||||&#8221; header_text_align=&#8221;center&#8221; header_text_color=&#8221;#000000&#8243; header_font_size=&#8221;42px&#8221; header_line_height=&#8221;1.5em&#8221;]<\/p>\n<h1>Presse<\/h1>\n<p>[\/et_pb_text][\/et_pb_column][\/et_pb_row][\/et_pb_section][et_pb_section fb_built=&#8221;1&#8243; _builder_version=&#8221;3.22.4&#8243; custom_padding=&#8221;0px||0px|||&#8221;][et_pb_row make_equal=&#8221;on&#8221; _builder_version=&#8221;3.22.4&#8243;][et_pb_column type=&#8221;4_4&#8243; _builder_version=&#8221;3.22.4&#8243;][et_pb_divider _builder_version=&#8221;3.22.4&#8243;][\/et_pb_divider][et_pb_text _builder_version=&#8221;3.22.4&#8243; text_font=&#8221;||||||||&#8221; text_orientation=&#8221;center&#8221;]<\/p>\n<h2>Ils parlent des eviivo Awards<\/h2>\n<p>[\/et_pb_text][\/et_pb_column][\/et_pb_row][et_pb_row make_equal=&#8221;on&#8221; _builder_version=&#8221;3.22.4&#8243;][et_pb_column type=&#8221;1_3&#8243; _builder_version=&#8221;3.22.4&#8243;][et_pb_image src=&#8221;https:\/\/awards.eviivo.com\/fr\/wp-content\/uploads\/sites\/3\/2019\/12\/Ouest-france.png&#8221; url=&#8221;https:\/\/www.ouest-france.fr\/bretagne\/lanester-56600\/lanester-un-couple-recompense-pour-leur-hebergement-insolite-6624787&#8243; url_new_window=&#8221;on&#8221; align=&#8221;center&#8221; _builder_version=&#8221;3.22.4&#8243;][\/et_pb_image][\/et_pb_column][et_pb_column type=&#8221;1_3&#8243; _builder_version=&#8221;3.22.4&#8243;][et_pb_image src=&#8221;https:\/\/awards.eviivo.com\/fr\/wp-content\/uploads\/sites\/3\/2019\/12\/QDT-logo.jpg&#8221; url=&#8221;http:\/\/www.quotidiendutourisme.com\/hebergement\/les-inscriptions-aux-oscar-des-hebergements-sont-ouvertes\/188252&#8243; url_new_window=&#8221;on&#8221; align=&#8221;center&#8221; _builder_version=&#8221;3.22.4&#8243;][\/et_pb_image][\/et_pb_column][et_pb_column type=&#8221;1_3&#8243; _builder_version=&#8221;3.22.4&#8243;][et_pb_image src=&#8221;https:\/\/awards.eviivo.com\/fr\/wp-content\/uploads\/sites\/3\/2019\/12\/la-depeche-du-midi.png&#8221; url=&#8221;https:\/\/www.ladepeche.fr\/2019\/11\/20\/un-tresor-cache-en-competition,8551902.php&#8221; url_new_window=&#8221;on&#8221; align=&#8221;center&#8221; admin_label=&#8221;Image&#8221; _builder_version=&#8221;3.22.4&#8243;][\/et_pb_image][\/et_pb_column][\/et_pb_row][et_pb_row make_equal=&#8221;on&#8221; _builder_version=&#8221;3.22.4&#8243;][et_pb_column type=&#8221;1_3&#8243; _builder_version=&#8221;3.22.4&#8243;][et_pb_image src=&#8221;https:\/\/awards.eviivo.com\/fr\/wp-content\/uploads\/sites\/3\/2019\/12\/logo-easyvoyage-b1e1049cca.png&#8221; url=&#8221;https:\/\/www.easyvoyage.com\/actualite\/eviivo-awards-merveille-de-france-2019-90056&#8243; url_new_window=&#8221;on&#8221; align=&#8221;center&#8221; admin_label=&#8221;Image&#8221; _builder_version=&#8221;3.22.4&#8243; max_width=&#8221;60%&#8221;][\/et_pb_image][\/et_pb_column][et_pb_column type=&#8221;1_3&#8243; _builder_version=&#8221;3.22.4&#8243;][et_pb_image src=&#8221;https:\/\/awards.eviivo.com\/fr\/wp-content\/uploads\/sites\/3\/2019\/12\/0-7.jpg&#8221; url=&#8221;https:\/\/www.nrpyrenees.fr\/2019\/12\/02\/hautes-pyrenees-primes-pour-leur-tresor-cache,8577023.php&#8221; url_new_window=&#8221;on&#8221; align=&#8221;center&#8221; admin_label=&#8221;Image&#8221; _builder_version=&#8221;3.22.4&#8243; max_width=&#8221;50%&#8221;][\/et_pb_image][\/et_pb_column][et_pb_column type=&#8221;1_3&#8243; _builder_version=&#8221;3.22.4&#8243;][\/et_pb_column][\/et_pb_row][et_pb_row _builder_version=&#8221;3.22.4&#8243;][et_pb_column type=&#8221;4_4&#8243; _builder_version=&#8221;3.22.4&#8243;][et_pb_code _builder_version=&#8221;3.22.4&#8243; max_width=&#8221;960px&#8221; module_alignment=&#8221;center&#8221;]<iframe loading=\"lazy\" src=\"https:\/\/docs.google.com\/presentation\/d\/e\/2PACX-1vRaCwY_voxBzAIhpPtpFuOVVE3qS5pkePDqULButv0hPJC3Ot-StyGzRTT_MgqXJIEZATZ4jQGWru0x\/embed?start=false&#038;loop=false&#038;delayms=3000\" frameborder=\"0\" width=\"960\" height=\"569\" allowfullscreen=\"true\" mozallowfullscreen=\"true\" webkitallowfullscreen=\"true\"><\/iframe>[\/et_pb_code][\/et_pb_column][\/et_pb_row][\/et_pb_section]<\/p>\n","protected":false},"excerpt":{"rendered":"<p>[et_pb_section fb_built=&#8221;1&#8243; admin_label=&#8221;Internal Page Title&#8221; _builder_version=&#8221;3.22.4&#8243; background_color=&#8221;#000000&#8243; use_background_color_gradient=&#8221;on&#8221; background_color_gradient_start=&#8221;#000000&#8243; background_color_gradient_end=&#8221;#888888&#8243; background_color_gradient_direction=&#8221;90deg&#8221; background_color_gradient_start_position=&#8221;30%&#8221; background_color_gradient_end_position=&#8221;95%&#8221; background_image=&#8221;https:\/\/awards.eviivo.com\/fr\/wp-content\/uploads\/sites\/3\/2019\/05\/eviivo-awards.jpg&#8221; background_size=&#8221;initial&#8221;][et_pb_row _builder_version=&#8221;3.22.4&#8243;][et_pb_column type=&#8221;4_4&#8243; _builder_version=&#8221;3.22.4&#8243;][et_pb_text _builder_version=&#8221;3.22.4&#8243; text_font=&#8221;||||||||&#8221; text_text_color=&#8221;#000000&#8243; text_font_size=&#8221;24px&#8221; text_orientation=&#8221;center&#8221; custom_margin=&#8221;||16px&#8221;]eviivo Awards 2019 [\/et_pb_text][et_pb_text admin_label=&#8221;Text&#8221; _builder_version=&#8221;3.22.4&#8243; text_font=&#8221;||||||||&#8221; text_text_color=&#8221;#000000&#8243; header_font=&#8221;|700|||||||&#8221; header_text_align=&#8221;center&#8221; header_text_color=&#8221;#000000&#8243; header_font_size=&#8221;42px&#8221; header_line_height=&#8221;1.5em&#8221;] Presse [\/et_pb_text][\/et_pb_column][\/et_pb_row][\/et_pb_section][et_pb_section fb_built=&#8221;1&#8243; _builder_version=&#8221;3.22.4&#8243; custom_padding=&#8221;0px||0px|||&#8221;][et_pb_row make_equal=&#8221;on&#8221; _builder_version=&#8221;3.22.4&#8243;][et_pb_column type=&#8221;4_4&#8243; _builder_version=&#8221;3.22.4&#8243;][et_pb_divider _builder_version=&#8221;3.22.4&#8243;][\/et_pb_divider][et_pb_text _builder_version=&#8221;3.22.4&#8243; text_font=&#8221;||||||||&#8221; text_orientation=&#8221;center&#8221;] Ils parlent des eviivo Awards [\/et_pb_text][\/et_pb_column][\/et_pb_row][et_pb_row [&hellip;]<\/p>\n","protected":false},"author":1,"featured_media":0,"parent":0,"menu_order":40,"comment_status":"closed","ping_status":"closed","template":"","meta":{"_et_pb_use_builder":"on","_et_pb_old_content":"","footnotes":""},"class_list":["post-1894","page","type-page","status-publish","hentry"],"yoast_head":"<!-- This site is optimized with the Yoast SEO plugin v27.4 - https:\/\/yoast.com\/product\/yoast-seo-wordpress\/ -->\n<title>Presse - eviivo Awards 2019<\/title>\n<meta name=\"description\" content=\"Pr\u00eat \u00e0 rejoindre la grande comp\u00e9tition eviivo Awards 2019 ? D\u00e9couvrez ici tous nos conseils utiles \u00e0 la r\u00e9daction d\u2019une candidature tout simplement parfaite !\" \/>\n<meta name=\"robots\" content=\"index, follow, max-snippet:-1, max-image-preview:large, max-video-preview:-1\" \/>\n<link rel=\"canonical\" href=\"https:\/\/awards.eviivo.com\/fr\/presse\/\" \/>\n<meta property=\"og:locale\" content=\"en_GB\" \/>\n<meta property=\"og:type\" content=\"article\" \/>\n<meta property=\"og:title\" content=\"Presse - eviivo Awards 2019\" \/>\n<meta property=\"og:description\" content=\"Pr\u00eat \u00e0 rejoindre la grande comp\u00e9tition eviivo Awards 2019 ? D\u00e9couvrez ici tous nos conseils utiles \u00e0 la r\u00e9daction d\u2019une candidature tout simplement parfaite !\" \/>\n<meta property=\"og:url\" content=\"https:\/\/awards.eviivo.com\/fr\/presse\/\" \/>\n<meta property=\"og:site_name\" content=\"eviivo Awards 2019\" \/>\n<meta property=\"article:publisher\" content=\"https:\/\/www.facebook.com\/teameviivo\/\" \/>\n<meta property=\"article:modified_time\" content=\"2019-12-06T09:08:08+00:00\" \/>\n<meta property=\"og:image\" content=\"https:\/\/awards.eviivo.com\/fr\/wp-content\/uploads\/sites\/3\/2019\/09\/eviivo-Awards-social-post.png\" \/>\n\t<meta property=\"og:image:width\" content=\"1080\" \/>\n\t<meta property=\"og:image:height\" content=\"1080\" \/>\n\t<meta property=\"og:image:type\" content=\"image\/png\" \/>\n<meta name=\"twitter:card\" content=\"summary_large_image\" \/>\n<meta name=\"twitter:image\" content=\"https:\/\/awards.eviivo.com\/fr\/wp-content\/uploads\/sites\/3\/2019\/09\/eviivo-Awards-social-post.png\" \/>\n<meta name=\"twitter:site\" content=\"@eviivo\" \/>\n<meta name=\"twitter:label1\" content=\"Estimated reading time\" \/>\n\t<meta name=\"twitter:data1\" content=\"2 minutes\" \/>\n<script type=\"application\/ld+json\" class=\"yoast-schema-graph\">{\"@context\":\"https:\\\/\\\/schema.org\",\"@graph\":[{\"@type\":\"WebPage\",\"@id\":\"https:\\\/\\\/awards.eviivo.com\\\/fr\\\/presse\\\/\",\"url\":\"https:\\\/\\\/awards.eviivo.com\\\/fr\\\/presse\\\/\",\"name\":\"Presse - eviivo Awards 2019\",\"isPartOf\":{\"@id\":\"https:\\\/\\\/awards.eviivo.com\\\/fr\\\/#website\"},\"datePublished\":\"2019-12-03T13:39:35+00:00\",\"dateModified\":\"2019-12-06T09:08:08+00:00\",\"description\":\"Pr\u00eat \u00e0 rejoindre la grande comp\u00e9tition eviivo Awards 2019 ? D\u00e9couvrez ici tous nos conseils utiles \u00e0 la r\u00e9daction d\u2019une candidature tout simplement parfaite !\",\"breadcrumb\":{\"@id\":\"https:\\\/\\\/awards.eviivo.com\\\/fr\\\/presse\\\/#breadcrumb\"},\"inLanguage\":\"en-GB\",\"potentialAction\":[{\"@type\":\"ReadAction\",\"target\":[\"https:\\\/\\\/awards.eviivo.com\\\/fr\\\/presse\\\/\"]}]},{\"@type\":\"BreadcrumbList\",\"@id\":\"https:\\\/\\\/awards.eviivo.com\\\/fr\\\/presse\\\/#breadcrumb\",\"itemListElement\":[{\"@type\":\"ListItem\",\"position\":1,\"name\":\"Home\",\"item\":\"https:\\\/\\\/awards.eviivo.com\\\/fr\\\/\"},{\"@type\":\"ListItem\",\"position\":2,\"name\":\"Presse\"}]},{\"@type\":\"WebSite\",\"@id\":\"https:\\\/\\\/awards.eviivo.com\\\/fr\\\/#website\",\"url\":\"https:\\\/\\\/awards.eviivo.com\\\/fr\\\/\",\"name\":\"eviivo Awards 2019\",\"description\":\"La grande comp\u00e9tition annuelle des h\u00e9bergeurs ind\u00e9pendants\",\"potentialAction\":[{\"@type\":\"SearchAction\",\"target\":{\"@type\":\"EntryPoint\",\"urlTemplate\":\"https:\\\/\\\/awards.eviivo.com\\\/fr\\\/?s={search_term_string}\"},\"query-input\":{\"@type\":\"PropertyValueSpecification\",\"valueRequired\":true,\"valueName\":\"search_term_string\"}}],\"inLanguage\":\"en-GB\"}]}<\/script>\n<!-- \/ Yoast SEO plugin. -->","yoast_head_json":{"title":"Presse - eviivo Awards 2019","description":"Pr\u00eat \u00e0 rejoindre la grande comp\u00e9tition eviivo Awards 2019 ? D\u00e9couvrez ici tous nos conseils utiles \u00e0 la r\u00e9daction d\u2019une candidature tout simplement parfaite !","robots":{"index":"index","follow":"follow","max-snippet":"max-snippet:-1","max-image-preview":"max-image-preview:large","max-video-preview":"max-video-preview:-1"},"canonical":"https:\/\/awards.eviivo.com\/fr\/presse\/","og_locale":"en_GB","og_type":"article","og_title":"Presse - eviivo Awards 2019","og_description":"Pr\u00eat \u00e0 rejoindre la grande comp\u00e9tition eviivo Awards 2019 ? D\u00e9couvrez ici tous nos conseils utiles \u00e0 la r\u00e9daction d\u2019une candidature tout simplement parfaite !","og_url":"https:\/\/awards.eviivo.com\/fr\/presse\/","og_site_name":"eviivo Awards 2019","article_publisher":"https:\/\/www.facebook.com\/teameviivo\/","article_modified_time":"2019-12-06T09:08:08+00:00","og_image":[{"width":1080,"height":1080,"url":"https:\/\/awards.eviivo.com\/fr\/wp-content\/uploads\/sites\/3\/2019\/09\/eviivo-Awards-social-post.png","type":"image\/png"}],"twitter_card":"summary_large_image","twitter_image":"https:\/\/awards.eviivo.com\/fr\/wp-content\/uploads\/sites\/3\/2019\/09\/eviivo-Awards-social-post.png","twitter_site":"@eviivo","twitter_misc":{"Estimated reading time":"2 minutes"},"schema":{"@context":"https:\/\/schema.org","@graph":[{"@type":"WebPage","@id":"https:\/\/awards.eviivo.com\/fr\/presse\/","url":"https:\/\/awards.eviivo.com\/fr\/presse\/","name":"Presse - eviivo Awards 2019","isPartOf":{"@id":"https:\/\/awards.eviivo.com\/fr\/#website"},"datePublished":"2019-12-03T13:39:35+00:00","dateModified":"2019-12-06T09:08:08+00:00","description":"Pr\u00eat \u00e0 rejoindre la grande comp\u00e9tition eviivo Awards 2019 ? D\u00e9couvrez ici tous nos conseils utiles \u00e0 la r\u00e9daction d\u2019une candidature tout simplement parfaite !","breadcrumb":{"@id":"https:\/\/awards.eviivo.com\/fr\/presse\/#breadcrumb"},"inLanguage":"en-GB","potentialAction":[{"@type":"ReadAction","target":["https:\/\/awards.eviivo.com\/fr\/presse\/"]}]},{"@type":"BreadcrumbList","@id":"https:\/\/awards.eviivo.com\/fr\/presse\/#breadcrumb","itemListElement":[{"@type":"ListItem","position":1,"name":"Home","item":"https:\/\/awards.eviivo.com\/fr\/"},{"@type":"ListItem","position":2,"name":"Presse"}]},{"@type":"WebSite","@id":"https:\/\/awards.eviivo.com\/fr\/#website","url":"https:\/\/awards.eviivo.com\/fr\/","name":"eviivo Awards 2019","description":"La grande comp\u00e9tition annuelle des h\u00e9bergeurs ind\u00e9pendants","potentialAction":[{"@type":"SearchAction","target":{"@type":"EntryPoint","urlTemplate":"https:\/\/awards.eviivo.com\/fr\/?s={search_term_string}"},"query-input":{"@type":"PropertyValueSpecification","valueRequired":true,"valueName":"search_term_string"}}],"inLanguage":"en-GB"}]}},"_links":{"self":[{"href":"https:\/\/awards.eviivo.com\/fr\/wp-json\/wp\/v2\/pages\/1894","targetHints":{"allow":["GET"]}}],"collection":[{"href":"https:\/\/awards.eviivo.com\/fr\/wp-json\/wp\/v2\/pages"}],"about":[{"href":"https:\/\/awards.eviivo.com\/fr\/wp-json\/wp\/v2\/types\/page"}],"author":[{"embeddable":true,"href":"https:\/\/awards.eviivo.com\/fr\/wp-json\/wp\/v2\/users\/1"}],"replies":[{"embeddable":true,"href":"https:\/\/awards.eviivo.com\/fr\/wp-json\/wp\/v2\/comments?post=1894"}],"version-history":[{"count":0,"href":"https:\/\/awards.eviivo.com\/fr\/wp-json\/wp\/v2\/pages\/1894\/revisions"}],"wp:attachment":[{"href":"https:\/\/awards.eviivo.com\/fr\/wp-json\/wp\/v2\/media?parent=1894"}],"curies":[{"name":"wp","href":"https:\/\/api.w.org\/{rel}","templated":true}]}}