{"id":537,"date":"2019-05-13T15:19:07","date_gmt":"2019-05-13T13:19:07","guid":{"rendered":"http:\/\/eviivoawards.wpengine.com\/?page_id=537"},"modified":"2019-11-21T10:54:25","modified_gmt":"2019-11-21T09:54:25","slug":"meilleure-image-et-presentation","status":"publish","type":"page","link":"https:\/\/awards.eviivo.com\/fr\/awards\/meilleure-image-et-presentation\/","title":{"rendered":"S\u00e9jour le plus Exquis"},"content":{"rendered":"<p>[et_pb_section fb_built=&#8221;1&#8243; _builder_version=&#8221;3.22.4&#8243; background_color=&#8221;#000000&#8243; use_background_color_gradient=&#8221;on&#8221; background_color_gradient_start=&#8221;#000000&#8243; background_color_gradient_end=&#8221;#888888&#8243; background_color_gradient_direction=&#8221;90deg&#8221; background_color_gradient_start_position=&#8221;30%&#8221; background_color_gradient_end_position=&#8221;95%&#8221; background_image=&#8221;https:\/\/awards.eviivo.com\/fr\/wp-content\/uploads\/sites\/3\/2019\/05\/eviivo-awards.jpg&#8221; background_size=&#8221;initial&#8221;][et_pb_row _builder_version=&#8221;3.22.4&#8243;][et_pb_column type=&#8221;4_4&#8243; _builder_version=&#8221;3.0.47&#8243;][et_pb_text _builder_version=&#8221;3.22.4&#8243; text_font=&#8221;||||||||&#8221; text_text_color=&#8221;#000000&#8243; text_font_size=&#8221;24px&#8221; text_orientation=&#8221;center&#8221; custom_margin=&#8221;||16px&#8221; custom_padding=&#8221;||0px&#8221;]<\/p>\n<p>eviivo Awards 2019<\/p>\n<p>[\/et_pb_text][et_pb_text _builder_version=&#8221;3.22.4&#8243; text_font=&#8221;||||||||&#8221; text_text_color=&#8221;#000000&#8243; header_font=&#8221;|700|||||||&#8221; header_text_align=&#8221;center&#8221; header_text_color=&#8221;#000000&#8243; header_font_size=&#8221;42px&#8221; header_line_height=&#8221;1.5em&#8221;]<\/p>\n<h1>S\u00e9jour le plus Exquis 2019<\/h1>\n<p>[\/et_pb_text][\/et_pb_column][\/et_pb_row][\/et_pb_section][et_pb_section fb_built=&#8221;1&#8243; admin_label=&#8221;Winners Block&#8221; _builder_version=&#8221;3.22.4&#8243; collapsed=&#8221;off&#8221;][et_pb_row custom_padding=&#8221;|32px||32px&#8221; custom_padding_phone=&#8221;|16px||16px&#8221; custom_margin=&#8221;||-50px&#8221; custom_padding_last_edited=&#8221;on|phone&#8221; _builder_version=&#8221;3.22.4&#8243; background_color=&#8221;#ffffff&#8221; border_radii=&#8221;on|40px|40px|40px|40px&#8221; width=&#8221;60%&#8221; width_tablet=&#8221;80%&#8221; width_phone=&#8221;100%&#8221; width_last_edited=&#8221;on|desktop&#8221; module_alignment=&#8221;center&#8221; custom_margin_tablet=&#8221;||0px&#8221; custom_margin_last_edited=&#8221;on|desktop&#8221; custom_css_main_element=&#8221;position: relative;||z-index: 1;&#8221;][et_pb_column type=&#8221;4_4&#8243; _builder_version=&#8221;3.22.4&#8243;][et_pb_text _builder_version=&#8221;3.22.4&#8243; text_font=&#8221;||||||||&#8221; header_font=&#8221;||||||||&#8221; header_3_font=&#8221;||||||||&#8221; header_3_text_align=&#8221;center&#8221; header_3_text_color=&#8221;#f9c22f&#8221; header_3_font_size=&#8221;32px&#8221; text_orientation=&#8221;center&#8221; custom_margin=&#8221;||0px&#8221; custom_padding=&#8221;||0px&#8221;]<\/p>\n<h3>Le gagnant 2019<\/h3>\n<p>[\/et_pb_text][et_pb_blurb title=&#8221;Villa 216&#8243; url=&#8221;https:\/\/www.theoldbakerynorfolk.co.uk\/&#8221; url_new_window=&#8221;on&#8221; content_max_width=&#8221;800px&#8221; _builder_version=&#8221;3.22.4&#8243; header_level=&#8221;h2&#8243; header_font=&#8221;||||||||&#8221; header_font_size=&#8221;36px&#8221; header_font_size_phone=&#8221;25px&#8221; header_font_size_last_edited=&#8221;on|phone&#8221; header_line_height=&#8221;1.4em&#8221; body_font=&#8221;||||||||&#8221; body_text_align=&#8221;center&#8221; body_text_color=&#8221;#000000&#8243; body_font_size=&#8221;14px&#8221; text_orientation=&#8221;center&#8221; custom_margin=&#8221;||&#8221; custom_padding=&#8221;||0px|||&#8221;]<\/p>\n<h3><span style=\"color: #808080\">Lyon, Auvergne-Rh\u00f4ne-alpes<\/span><\/h3>\n<p>[\/et_pb_blurb][\/et_pb_column][\/et_pb_row][et_pb_row use_custom_gutter=&#8221;on&#8221; gutter_width=&#8221;1&#8243; custom_padding=&#8221;0px|32px|0px|||&#8221; custom_margin=&#8221;||0px&#8221; make_equal=&#8221;on&#8221; _builder_version=&#8221;3.22.4&#8243; background_image=&#8221;http:\/\/awards.eviivo.com\/fr\/wp-content\/uploads\/sites\/3\/2019\/08\/Shortlist-images-Le-s\u00e9jour-le-plus-exquis-Villa-216.png&#8221; min_height=&#8221;529px&#8221; custom_css_main_element=&#8221;min-height: 500px\t&#8220;][et_pb_column type=&#8221;4_4&#8243; _builder_version=&#8221;3.22.4&#8243;][\/et_pb_column][\/et_pb_row][et_pb_row use_custom_gutter=&#8221;on&#8221; gutter_width=&#8221;1&#8243; custom_padding=&#8221;0px|||||&#8221; custom_margin=&#8221;0px||&#8221; make_equal=&#8221;on&#8221; background_color_1=&#8221;#eee&#8221; background_color_2=&#8221;#f2f2f2&#8243; padding_top_1=&#8221;0px&#8221; padding_top_2=&#8221;0px&#8221; _builder_version=&#8221;3.22.4&#8243; min_height=&#8221;492px&#8221;][et_pb_column type=&#8221;1_2&#8243; _builder_version=&#8221;3.22.4&#8243;][et_pb_text _builder_version=&#8221;3.22.4&#8243; text_font=&#8221;||||||||&#8221; text_text_color=&#8221;#000000&#8243; text_font_size=&#8221;16px&#8221; text_line_height=&#8221;1.8em&#8221; header_3_font=&#8221;||||||||&#8221; header_3_text_color=&#8221;#000000&#8243; header_3_font_size=&#8221;28px&#8221; header_3_line_height=&#8221;1.7em&#8221; text_orientation=&#8221;center&#8221; min_height=&#8221;391px&#8221; custom_margin=&#8221;|||&#8221; custom_padding=&#8221;32px|32px|32px|32px&#8221;]<\/p>\n<h3>\u00c0 propos de la propri\u00e9t\u00e9<\/h3>\n<p>Cette villa du 18\u00e8me si\u00e8cle aux couleurs vives est nich\u00e9e au c\u0153ur de la capitale des Gaules. Elle a \u00e9t\u00e9 enti\u00e8rement r\u00e9nov\u00e9e par un architecte et sa femme, qui r\u00e9alisa son r\u00eave d\u2019adolescente en ouvrant des chambres d&#8217;h\u00f4tes dans cette maison de maitre arbor\u00e9e d\u2019un parc de 1400 m2. Ces deux chambres spacieuses ont \u00e9t\u00e9 rigoureusement d\u00e9cor\u00e9es avec une s\u00e9lection minutieuse du mobilier et le jardin a \u00e9t\u00e9 agr\u00e9ment\u00e9 d&#8217;un SPA.<\/p>\n<p>[\/et_pb_text][\/et_pb_column][et_pb_column type=&#8221;1_2&#8243; _builder_version=&#8221;3.22.4&#8243;][et_pb_text _builder_version=&#8221;3.22.4&#8243; text_font=&#8221;||||||||&#8221; text_text_color=&#8221;#000000&#8243; text_font_size=&#8221;16px&#8221; text_line_height=&#8221;1.8em&#8221; header_3_font=&#8221;||||||||&#8221; header_3_text_color=&#8221;#000000&#8243; header_3_font_size=&#8221;28px&#8221; header_3_line_height=&#8221;1.7em&#8221; text_orientation=&#8221;center&#8221; min_height=&#8221;433px&#8221; custom_margin=&#8221;9px|||||&#8221; custom_padding=&#8221;32px|32px|32px|32px&#8221;]<\/p>\n<h3>Ce qu&#8217;en pensent les juges<\/h3>\n<p><em>\u201cCet \u00e9tablissement haut de gamme est une r\u00e9elle p\u00e9pite lyonnaise, discr\u00e8te et \u00e9l\u00e9gante. Log\u00e9s en plein c\u0153ur de ville, les voyageurs trouveront ici une ambiance feutr\u00e9e, une d\u00e9coration soign\u00e9e et de nombreux services. <\/em><\/p>\n<p><em>A mi-chemin entre chambre d\u2019h\u00f4tes et h\u00f4tellerie de luxe, ce propri\u00e9taire met un point d\u2019honneur \u00e0 offrir une exp\u00e9rience toujours plus qualitative \u00e0 ses clients.<\/em><\/p>\n<p><em>Les juges ont particuli\u00e8rement aim\u00e9 la vision ambitieuse de l\u2019hospitalit\u00e9 d\u2019aujourd\u2019hui qu\u2019offre la Villa 216,et le charme de l\u2019ancienne b\u00e2tisse qui cohabite harmonieusement avec les services et le confort modernes.\u201d<\/em><\/p>\n<p><em> <\/em><\/p>\n<p><em><\/em><\/p>\n<p>[\/et_pb_text][\/et_pb_column][\/et_pb_row][\/et_pb_section][et_pb_section fb_built=&#8221;1&#8243; _builder_version=&#8221;3.22.3&#8243;][et_pb_row _builder_version=&#8221;3.22.4&#8243; background_size=&#8221;initial&#8221; background_position=&#8221;top_left&#8221; background_repeat=&#8221;repeat&#8221; z_index_tablet=&#8221;500&#8243;][et_pb_column type=&#8221;4_4&#8243; _builder_version=&#8221;3.0.47&#8243;][et_pb_text _builder_version=&#8221;3.22.4&#8243; text_font=&#8221;||||||||&#8221; text_font_size=&#8221;27px&#8221; header_font=&#8221;||||||||&#8221; header_2_font=&#8221;||||||||&#8221; header_2_text_align=&#8221;center&#8221; header_3_font=&#8221;||||||||&#8221;]<\/p>\n<h2>Les pr\u00e9s\u00e9lectionn\u00e9s<\/h2>\n<p>[\/et_pb_text][\/et_pb_column][\/et_pb_row][et_pb_row _builder_version=&#8221;3.22.4&#8243; z_index_tablet=&#8221;500&#8243;][et_pb_column type=&#8221;1_3&#8243; _builder_version=&#8221;3.0.47&#8243;][et_pb_blurb title=&#8221;Ma Maison \u00e0 Valbonne &#8221; url=&#8221;https:\/\/www.mamaisonavalbonne.com\/&#8221; image=&#8221;https:\/\/awards.eviivo.com\/fr\/wp-content\/uploads\/sites\/3\/2019\/08\/Shortlist-images-Le-s\u00e9jour-le-plus-exquis-Ma-maison-\u00e0-Valbonne.png&#8221; _builder_version=&#8221;3.22.4&#8243; header_level=&#8221;h2&#8243; z_index_tablet=&#8221;500&#8243;]<\/p>\n<h3><span style=\"color: #999999\">Valbonne, PACA<\/span><\/h3>\n<p><span style=\"font-weight: 400\">Les diff\u00e9rents logements que propose ma maison \u00e0 Valbonne permettent de passer un s\u00e9jour idyllique dans l\u2019arri\u00e8re pays ni\u00e7ois, Valbonne se situe dans une r\u00e9gion g\u00e9ographique privil\u00e9gi\u00e9e de la c\u00f4te d\u2019Azur. Cette maison et ses appartements refl\u00e8tent parfaitement l\u2019esprit proven\u00e7al, ils ont \u00e9t\u00e9 r\u00e9nov\u00e9s avec des mat\u00e9riaux nobles et du mobilier de qualit\u00e9. <\/span><\/p>\n<p>[\/et_pb_blurb][\/et_pb_column][et_pb_column type=&#8221;1_3&#8243; _builder_version=&#8221;3.0.47&#8243;][et_pb_blurb title=&#8221;La Vie Voyage &#8221; url=&#8221;https:\/\/lavievoyage.com\/&#8221; image=&#8221;https:\/\/awards.eviivo.com\/fr\/wp-content\/uploads\/sites\/3\/2019\/08\/Shortlist-images-Le-s\u00e9jour-le-plus-exquis-La-vie-voyage-1.png&#8221; _builder_version=&#8221;3.22.4&#8243; header_level=&#8221;h2&#8243; header_font=&#8221;||||||||&#8221; body_font=&#8221;||||||||&#8221; custom_padding=&#8221;||0px|||&#8221;]<\/p>\n<h3><span style=\"color: #999999\">Langeais,\u00a0Centre-Val de Loire<\/span><\/h3>\n<p><span style=\"font-weight: 400\">Au c\u0153ur de cette magnifique demeure du val de Loire, la propri\u00e9taire raconte ses voyages\u00a0 \u00e0 travers des styles et des g\u00e9n\u00e9rations diff\u00e9rentes. A seulement deux heures de Paris, La Vie Voyage am\u00e8ne au d\u00e9paysement <\/span><span style=\"font-weight: 400\">vers <\/span><span style=\"font-weight: 400\">un lieu po\u00e9tique et reposant. Le mobilier <\/span><span style=\"font-weight: 400\">a<\/span><span style=\"font-weight: 400\"> \u00e9t\u00e9 nich\u00e9 aupr\u00e8s de plusieurs marques de prestige, gage de qualit\u00e9 et de confort absolu.<\/span><\/p>\n<p>[\/et_pb_blurb][\/et_pb_column][et_pb_column type=&#8221;1_3&#8243; _builder_version=&#8221;3.0.47&#8243;][et_pb_blurb title=&#8221;Ric et Fer&#8221; url=&#8221;http:\/\/www.chezricetfer.com\/&#8221; image=&#8221;https:\/\/awards.eviivo.com\/fr\/wp-content\/uploads\/sites\/3\/2019\/09\/Shortlist-images-Le-s\u00e9jour-le-plus-exquis.png&#8221; _builder_version=&#8221;3.22.4&#8243; header_level=&#8221;h2&#8243; header_font=&#8221;||||||||&#8221; body_font=&#8221;||||||||&#8221; custom_padding=&#8221;||0px|||&#8221;]<\/p>\n<h3><span style=\"color: #999999\"><span>Coucy-le-Ch\u00e2teau<\/span>,\u00a0<span>Hauts-de-France<\/span><\/span><\/h3>\n<p><span style=\"font-weight: 400\">Cette maison situ\u00e9e au c\u0153ur d\u2019un petit village de Picardie est une ancienne pharmacie. D\u00e9sormais, c\u2019est un mix parfait entre deux univers, celui des ann\u00e9es 50-60, color\u00e9 et g\u00e9om\u00e9trique et celui de l&#8217;univers scandinave, cocooning et minimaliste. Les deux propri\u00e9taires ont cr\u00e9\u00e9 un lieu unique, surfant sur la tendance actuelle du vintage.<\/span><\/p>\n<p>[\/et_pb_blurb][\/et_pb_column][\/et_pb_row][et_pb_row _builder_version=&#8221;3.22.4&#8243; z_index_tablet=&#8221;500&#8243;][et_pb_column type=&#8221;1_3&#8243; _builder_version=&#8221;3.0.47&#8243;][et_pb_blurb title=&#8221;Le Val de Brangon&#8221; url=&#8221;https:\/\/www.levaldebrangon.com\/&#8221; image=&#8221;https:\/\/awards.eviivo.com\/fr\/wp-content\/uploads\/sites\/3\/2019\/08\/Shortlist-images-Le-s\u00e9jour-le-plus-exquis-Le-Val-de-Brangon.png&#8221; _builder_version=&#8221;3.22.4&#8243; header_level=&#8221;h2&#8243; header_font=&#8221;||||||||&#8221; body_font=&#8221;||||||||&#8221; custom_padding=&#8221;||0px|||&#8221;]<\/p>\n<h3><span style=\"color: #999999\">Baden, Bretagne<\/span><\/h3>\n<p><span style=\"font-weight: 400\">Le Val Brangon est lov\u00e9<\/span> <span style=\"font-weight: 400\">au creux d\u2019un vallon<\/span><span style=\"font-weight: 400\"> dans le Golf du Morbihan, il se pr\u00e9sente comme un v\u00e9ritable havre de paix. Cette propri\u00e9t\u00e9 aux pierres ocres m\u00eale l&#8217;architecture moderne et traditionnelle \u00e0 merveille. La piscine chauff\u00e9e et le hammam offrent tout le confort n\u00e9cessaire pour se d\u00e9tendre face au parc luxuriant et\u00a0 arbor\u00e9 de 5 hectares<\/span><\/p>\n<p>[\/et_pb_blurb][\/et_pb_column][et_pb_column type=&#8221;1_3&#8243; _builder_version=&#8221;3.0.47&#8243;][\/et_pb_column][et_pb_column type=&#8221;1_3&#8243; _builder_version=&#8221;3.0.47&#8243;][\/et_pb_column][\/et_pb_row][\/et_pb_section][et_pb_section fb_built=&#8221;1&#8243; _builder_version=&#8221;3.22.4&#8243;][et_pb_row _builder_version=&#8221;3.22.4&#8243;][et_pb_column type=&#8221;4_4&#8243; _builder_version=&#8221;3.22.4&#8243;][et_pb_text _builder_version=&#8221;3.22.4&#8243; text_font=&#8221;||||||||&#8221; text_font_size=&#8221;16px&#8221; text_line_height=&#8221;2.1em&#8221; custom_padding=&#8221;||1px|||&#8221; z_index_tablet=&#8221;500&#8243;]<\/p>\n<p>L&#8217;industrie du tourisme a connu un boom ces derni\u00e8res ann\u00e9es, du \u00e0 la popularit\u00e9 des s\u00e9jours courte-dur\u00e9e. Aujourd&#8217;hui, les voyageurs sont \u00e0 la recherche d&#8217;une alternative aux chambres d&#8217;h\u00f4tel de cha\u00eene \u00e0 la d\u00e9coration peu inspirante. Le prix &#8220;le S\u00e9jour le plus Exquis&#8221; r\u00e9compense les propri\u00e9t\u00e9s offrant les meilleurs amm\u00e9nagements et d\u00e9coration ainsi qu&#8217;un haut standard de confort, tout assurant une ambiance intimiste et cosy pour se sentir encore mieux qu&#8217;\u00e0 la maison.<\/p>\n<p>[\/et_pb_text][et_pb_divider _builder_version=&#8221;3.22.4&#8243; z_index_tablet=&#8221;500&#8243; saved_tabs=&#8221;all&#8221;][\/et_pb_divider][\/et_pb_column][\/et_pb_row][\/et_pb_section][et_pb_section fb_built=&#8221;1&#8243; _builder_version=&#8221;3.22.3&#8243;][et_pb_row make_equal=&#8221;on&#8221; _builder_version=&#8221;3.22.4&#8243; z_index_tablet=&#8221;500&#8243;][et_pb_column type=&#8221;1_2&#8243; _builder_version=&#8221;3.0.47&#8243;][et_pb_image src=&#8221;https:\/\/awards.eviivo.com\/fr\/wp-content\/uploads\/sites\/3\/2019\/05\/FR18winner_dutilly2-2-e1559059246900.jpg&#8221; _builder_version=&#8221;3.22.4&#8243; z_index_tablet=&#8221;500&#8243;][\/et_pb_image][\/et_pb_column][et_pb_column type=&#8221;1_2&#8243; _builder_version=&#8221;3.0.47&#8243;][et_pb_text _builder_version=&#8221;3.22.4&#8243; header_font=&#8221;||||||||&#8221; header_2_font=&#8221;||||||||&#8221; header_3_font=&#8221;||||||||&#8221; header_3_line_height=&#8221;1.4em&#8221;]<\/p>\n<h3 class=\"p1\">Crit\u00e8res des jurys pour la cat\u00e9gorie S\u00e9jour le plus Exquis<\/h3>\n<p>[\/et_pb_text][et_pb_text ul_type=&#8221;square&#8221; ul_item_indent=&#8221;20px&#8221; _builder_version=&#8221;3.22.4&#8243; text_font=&#8221;||||||||&#8221; ul_font=&#8221;||||||||&#8221; ul_text_align=&#8221;left&#8221; ul_font_size=&#8221;15px&#8221; ul_line_height=&#8221;2em&#8221; custom_padding=&#8221;0px|||||&#8221;]<\/p>\n<ul>\n<li>Les juges regarderont si les h\u00e9bergements offrent un service de restauration.<\/li>\n<li class=\"li1\">L&#8217;aspect de l&#8217;h\u00e9bergement , tant dans ses am\u00e9nagements que dans sa d\u00e9coration sera examin\u00e9s.<\/li>\n<li class=\"li2\">Les juges examineront si des services suppl\u00e9mentaires peuvent \u00eatre offerts aux clients.<\/li>\n<li class=\"li2\">Les juges d\u00e9termineront si la propri\u00e9t\u00e9 se distingue des autres maisons d&#8217;h\u00f4tes.<\/li>\n<\/ul>\n<p>[\/et_pb_text][\/et_pb_column][\/et_pb_row][et_pb_row _builder_version=&#8221;3.22.3&#8243; background_size=&#8221;initial&#8221; background_position=&#8221;top_left&#8221; background_repeat=&#8221;repeat&#8221;][\/et_pb_row][\/et_pb_section]<\/p>\n","protected":false},"excerpt":{"rendered":"<p>[et_pb_section fb_built=&#8221;1&#8243; _builder_version=&#8221;3.22.4&#8243; background_color=&#8221;#000000&#8243; use_background_color_gradient=&#8221;on&#8221; background_color_gradient_start=&#8221;#000000&#8243; background_color_gradient_end=&#8221;#888888&#8243; background_color_gradient_direction=&#8221;90deg&#8221; background_color_gradient_start_position=&#8221;30%&#8221; background_color_gradient_end_position=&#8221;95%&#8221; background_image=&#8221;https:\/\/awards.eviivo.com\/fr\/wp-content\/uploads\/sites\/3\/2019\/05\/eviivo-awards.jpg&#8221; background_size=&#8221;initial&#8221;][et_pb_row _builder_version=&#8221;3.22.4&#8243;][et_pb_column type=&#8221;4_4&#8243; _builder_version=&#8221;3.0.47&#8243;][et_pb_text _builder_version=&#8221;3.22.4&#8243; text_font=&#8221;||||||||&#8221; text_text_color=&#8221;#000000&#8243; text_font_size=&#8221;24px&#8221; text_orientation=&#8221;center&#8221; custom_margin=&#8221;||16px&#8221; custom_padding=&#8221;||0px&#8221;] eviivo Awards 2019 [\/et_pb_text][et_pb_text _builder_version=&#8221;3.22.4&#8243; text_font=&#8221;||||||||&#8221; text_text_color=&#8221;#000000&#8243; header_font=&#8221;|700|||||||&#8221; header_text_align=&#8221;center&#8221; header_text_color=&#8221;#000000&#8243; header_font_size=&#8221;42px&#8221; header_line_height=&#8221;1.5em&#8221;] S\u00e9jour le plus Exquis 2019 [\/et_pb_text][\/et_pb_column][\/et_pb_row][\/et_pb_section][et_pb_section fb_built=&#8221;1&#8243; admin_label=&#8221;Winners Block&#8221; _builder_version=&#8221;3.22.4&#8243; collapsed=&#8221;off&#8221;][et_pb_row custom_padding=&#8221;|32px||32px&#8221; custom_padding_phone=&#8221;|16px||16px&#8221; custom_margin=&#8221;||-50px&#8221; custom_padding_last_edited=&#8221;on|phone&#8221; _builder_version=&#8221;3.22.4&#8243; background_color=&#8221;#ffffff&#8221; border_radii=&#8221;on|40px|40px|40px|40px&#8221; width=&#8221;60%&#8221; width_tablet=&#8221;80%&#8221; width_phone=&#8221;100%&#8221; [&hellip;]<\/p>\n","protected":false},"author":1,"featured_media":0,"parent":191,"menu_order":0,"comment_status":"closed","ping_status":"closed","template":"","meta":{"_et_pb_use_builder":"on","_et_pb_old_content":"","footnotes":""},"class_list":["post-537","page","type-page","status-publish","hentry"],"yoast_head":"<!-- This site is optimized with the Yoast SEO plugin v27.3 - https:\/\/yoast.com\/product\/yoast-seo-wordpress\/ -->\n<title>S\u00e9jour le plus Exquis - eviivo Awards 2019<\/title>\n<meta name=\"description\" content=\"Notre Award le plus \u00e9l\u00e9gant pour les \u00e9tablissements soucieux de leur image et d\u2019un confort soign\u00e9 \u00e0 chaque \u00e9tape du s\u00e9jour. Pr\u00e9sentez-nous votre \u00e9tablissement sous son meilleur profil.\" \/>\n<meta name=\"robots\" content=\"index, follow, max-snippet:-1, max-image-preview:large, max-video-preview:-1\" \/>\n<link rel=\"canonical\" href=\"https:\/\/awards.eviivo.com\/fr\/awards\/meilleure-image-et-presentation\/\" \/>\n<meta property=\"og:locale\" content=\"en_GB\" \/>\n<meta property=\"og:type\" content=\"article\" \/>\n<meta property=\"og:title\" content=\"S\u00e9jour le plus Exquis - eviivo Awards 2019\" \/>\n<meta property=\"og:description\" content=\"Notre Award le plus \u00e9l\u00e9gant pour les \u00e9tablissements soucieux de leur image et d\u2019un confort soign\u00e9 \u00e0 chaque \u00e9tape du s\u00e9jour. Pr\u00e9sentez-nous votre \u00e9tablissement sous son meilleur profil.\" \/>\n<meta property=\"og:url\" content=\"https:\/\/awards.eviivo.com\/fr\/awards\/meilleure-image-et-presentation\/\" \/>\n<meta property=\"og:site_name\" content=\"eviivo Awards 2019\" \/>\n<meta property=\"article:publisher\" content=\"https:\/\/www.facebook.com\/teameviivo\/\" \/>\n<meta property=\"article:modified_time\" content=\"2019-11-21T09:54:25+00:00\" \/>\n<meta property=\"og:image\" content=\"https:\/\/awards.eviivo.com\/fr\/wp-content\/uploads\/sites\/3\/2019\/09\/eviivo-Awards-social-post.png\" \/>\n\t<meta property=\"og:image:width\" content=\"1080\" \/>\n\t<meta property=\"og:image:height\" content=\"1080\" \/>\n\t<meta property=\"og:image:type\" content=\"image\/png\" \/>\n<meta name=\"twitter:card\" content=\"summary_large_image\" \/>\n<meta name=\"twitter:image\" content=\"https:\/\/awards.eviivo.com\/fr\/wp-content\/uploads\/sites\/3\/2019\/09\/eviivo-Awards-social-post.png\" \/>\n<meta name=\"twitter:site\" content=\"@eviivo\" \/>\n<meta name=\"twitter:label1\" content=\"Estimated reading time\" \/>\n\t<meta name=\"twitter:data1\" content=\"8 minutes\" \/>\n<script type=\"application\/ld+json\" class=\"yoast-schema-graph\">{\"@context\":\"https:\\\/\\\/schema.org\",\"@graph\":[{\"@type\":\"WebPage\",\"@id\":\"https:\\\/\\\/awards.eviivo.com\\\/fr\\\/awards\\\/meilleure-image-et-presentation\\\/\",\"url\":\"https:\\\/\\\/awards.eviivo.com\\\/fr\\\/awards\\\/meilleure-image-et-presentation\\\/\",\"name\":\"S\u00e9jour le plus Exquis - eviivo Awards 2019\",\"isPartOf\":{\"@id\":\"https:\\\/\\\/awards.eviivo.com\\\/fr\\\/#website\"},\"datePublished\":\"2019-05-13T13:19:07+00:00\",\"dateModified\":\"2019-11-21T09:54:25+00:00\",\"description\":\"Notre Award le plus \u00e9l\u00e9gant pour les \u00e9tablissements soucieux de leur image et d\u2019un confort soign\u00e9 \u00e0 chaque \u00e9tape du s\u00e9jour. Pr\u00e9sentez-nous votre \u00e9tablissement sous son meilleur profil.\",\"breadcrumb\":{\"@id\":\"https:\\\/\\\/awards.eviivo.com\\\/fr\\\/awards\\\/meilleure-image-et-presentation\\\/#breadcrumb\"},\"inLanguage\":\"en-GB\",\"potentialAction\":[{\"@type\":\"ReadAction\",\"target\":[\"https:\\\/\\\/awards.eviivo.com\\\/fr\\\/awards\\\/meilleure-image-et-presentation\\\/\"]}]},{\"@type\":\"BreadcrumbList\",\"@id\":\"https:\\\/\\\/awards.eviivo.com\\\/fr\\\/awards\\\/meilleure-image-et-presentation\\\/#breadcrumb\",\"itemListElement\":[{\"@type\":\"ListItem\",\"position\":1,\"name\":\"Home\",\"item\":\"https:\\\/\\\/awards.eviivo.com\\\/fr\\\/\"},{\"@type\":\"ListItem\",\"position\":2,\"name\":\"Awards\",\"item\":\"https:\\\/\\\/awards.eviivo.com\\\/fr\\\/awards\\\/\"},{\"@type\":\"ListItem\",\"position\":3,\"name\":\"S\u00e9jour le plus Exquis\"}]},{\"@type\":\"WebSite\",\"@id\":\"https:\\\/\\\/awards.eviivo.com\\\/fr\\\/#website\",\"url\":\"https:\\\/\\\/awards.eviivo.com\\\/fr\\\/\",\"name\":\"eviivo Awards 2019\",\"description\":\"La grande comp\u00e9tition annuelle des h\u00e9bergeurs ind\u00e9pendants\",\"potentialAction\":[{\"@type\":\"SearchAction\",\"target\":{\"@type\":\"EntryPoint\",\"urlTemplate\":\"https:\\\/\\\/awards.eviivo.com\\\/fr\\\/?s={search_term_string}\"},\"query-input\":{\"@type\":\"PropertyValueSpecification\",\"valueRequired\":true,\"valueName\":\"search_term_string\"}}],\"inLanguage\":\"en-GB\"}]}<\/script>\n<!-- \/ Yoast SEO plugin. -->","yoast_head_json":{"title":"S\u00e9jour le plus Exquis - eviivo Awards 2019","description":"Notre Award le plus \u00e9l\u00e9gant pour les \u00e9tablissements soucieux de leur image et d\u2019un confort soign\u00e9 \u00e0 chaque \u00e9tape du s\u00e9jour. Pr\u00e9sentez-nous votre \u00e9tablissement sous son meilleur profil.","robots":{"index":"index","follow":"follow","max-snippet":"max-snippet:-1","max-image-preview":"max-image-preview:large","max-video-preview":"max-video-preview:-1"},"canonical":"https:\/\/awards.eviivo.com\/fr\/awards\/meilleure-image-et-presentation\/","og_locale":"en_GB","og_type":"article","og_title":"S\u00e9jour le plus Exquis - eviivo Awards 2019","og_description":"Notre Award le plus \u00e9l\u00e9gant pour les \u00e9tablissements soucieux de leur image et d\u2019un confort soign\u00e9 \u00e0 chaque \u00e9tape du s\u00e9jour. Pr\u00e9sentez-nous votre \u00e9tablissement sous son meilleur profil.","og_url":"https:\/\/awards.eviivo.com\/fr\/awards\/meilleure-image-et-presentation\/","og_site_name":"eviivo Awards 2019","article_publisher":"https:\/\/www.facebook.com\/teameviivo\/","article_modified_time":"2019-11-21T09:54:25+00:00","og_image":[{"width":1080,"height":1080,"url":"https:\/\/awards.eviivo.com\/fr\/wp-content\/uploads\/sites\/3\/2019\/09\/eviivo-Awards-social-post.png","type":"image\/png"}],"twitter_card":"summary_large_image","twitter_image":"https:\/\/awards.eviivo.com\/fr\/wp-content\/uploads\/sites\/3\/2019\/09\/eviivo-Awards-social-post.png","twitter_site":"@eviivo","twitter_misc":{"Estimated reading time":"8 minutes"},"schema":{"@context":"https:\/\/schema.org","@graph":[{"@type":"WebPage","@id":"https:\/\/awards.eviivo.com\/fr\/awards\/meilleure-image-et-presentation\/","url":"https:\/\/awards.eviivo.com\/fr\/awards\/meilleure-image-et-presentation\/","name":"S\u00e9jour le plus Exquis - eviivo Awards 2019","isPartOf":{"@id":"https:\/\/awards.eviivo.com\/fr\/#website"},"datePublished":"2019-05-13T13:19:07+00:00","dateModified":"2019-11-21T09:54:25+00:00","description":"Notre Award le plus \u00e9l\u00e9gant pour les \u00e9tablissements soucieux de leur image et d\u2019un confort soign\u00e9 \u00e0 chaque \u00e9tape du s\u00e9jour. Pr\u00e9sentez-nous votre \u00e9tablissement sous son meilleur profil.","breadcrumb":{"@id":"https:\/\/awards.eviivo.com\/fr\/awards\/meilleure-image-et-presentation\/#breadcrumb"},"inLanguage":"en-GB","potentialAction":[{"@type":"ReadAction","target":["https:\/\/awards.eviivo.com\/fr\/awards\/meilleure-image-et-presentation\/"]}]},{"@type":"BreadcrumbList","@id":"https:\/\/awards.eviivo.com\/fr\/awards\/meilleure-image-et-presentation\/#breadcrumb","itemListElement":[{"@type":"ListItem","position":1,"name":"Home","item":"https:\/\/awards.eviivo.com\/fr\/"},{"@type":"ListItem","position":2,"name":"Awards","item":"https:\/\/awards.eviivo.com\/fr\/awards\/"},{"@type":"ListItem","position":3,"name":"S\u00e9jour le plus Exquis"}]},{"@type":"WebSite","@id":"https:\/\/awards.eviivo.com\/fr\/#website","url":"https:\/\/awards.eviivo.com\/fr\/","name":"eviivo Awards 2019","description":"La grande comp\u00e9tition annuelle des h\u00e9bergeurs ind\u00e9pendants","potentialAction":[{"@type":"SearchAction","target":{"@type":"EntryPoint","urlTemplate":"https:\/\/awards.eviivo.com\/fr\/?s={search_term_string}"},"query-input":{"@type":"PropertyValueSpecification","valueRequired":true,"valueName":"search_term_string"}}],"inLanguage":"en-GB"}]}},"_links":{"self":[{"href":"https:\/\/awards.eviivo.com\/fr\/wp-json\/wp\/v2\/pages\/537","targetHints":{"allow":["GET"]}}],"collection":[{"href":"https:\/\/awards.eviivo.com\/fr\/wp-json\/wp\/v2\/pages"}],"about":[{"href":"https:\/\/awards.eviivo.com\/fr\/wp-json\/wp\/v2\/types\/page"}],"author":[{"embeddable":true,"href":"https:\/\/awards.eviivo.com\/fr\/wp-json\/wp\/v2\/users\/1"}],"replies":[{"embeddable":true,"href":"https:\/\/awards.eviivo.com\/fr\/wp-json\/wp\/v2\/comments?post=537"}],"version-history":[{"count":0,"href":"https:\/\/awards.eviivo.com\/fr\/wp-json\/wp\/v2\/pages\/537\/revisions"}],"up":[{"embeddable":true,"href":"https:\/\/awards.eviivo.com\/fr\/wp-json\/wp\/v2\/pages\/191"}],"wp:attachment":[{"href":"https:\/\/awards.eviivo.com\/fr\/wp-json\/wp\/v2\/media?parent=537"}],"curies":[{"name":"wp","href":"https:\/\/api.w.org\/{rel}","templated":true}]}}