{"id":545,"date":"2019-05-14T15:53:39","date_gmt":"2019-05-14T13:53:39","guid":{"rendered":"http:\/\/eviivoawards.wpengine.com\/?page_id=545"},"modified":"2019-11-21T11:03:32","modified_gmt":"2019-11-21T10:03:32","slug":"recevoir-sans-concession","status":"publish","type":"page","link":"https:\/\/awards.eviivo.com\/fr\/awards\/recevoir-sans-concession\/","title":{"rendered":"Recevoir sans Concession"},"content":{"rendered":"<p>[et_pb_section fb_built=&#8221;1&#8243; _builder_version=&#8221;3.22.4&#8243; background_color=&#8221;#000000&#8243; use_background_color_gradient=&#8221;on&#8221; background_color_gradient_start=&#8221;#000000&#8243; background_color_gradient_end=&#8221;#888888&#8243; background_color_gradient_direction=&#8221;90deg&#8221; background_color_gradient_start_position=&#8221;30%&#8221; background_color_gradient_end_position=&#8221;95%&#8221; background_image=&#8221;https:\/\/awards.eviivo.com\/fr\/wp-content\/uploads\/sites\/3\/2019\/05\/eviivo-awards.jpg&#8221; background_size=&#8221;initial&#8221;][et_pb_row _builder_version=&#8221;3.22.4&#8243;][et_pb_column type=&#8221;4_4&#8243; _builder_version=&#8221;3.0.47&#8243;][et_pb_text _builder_version=&#8221;3.22.4&#8243; text_font=&#8221;||||||||&#8221; text_text_color=&#8221;#000000&#8243; text_font_size=&#8221;24px&#8221; text_orientation=&#8221;center&#8221; custom_margin=&#8221;||16px&#8221; custom_padding=&#8221;||0px&#8221;]<\/p>\n<p>eviivo Awards 2019<\/p>\n<p>[\/et_pb_text][et_pb_text _builder_version=&#8221;3.22.4&#8243; text_font=&#8221;||||||||&#8221; text_text_color=&#8221;#000000&#8243; header_font=&#8221;|700|||||||&#8221; header_text_align=&#8221;center&#8221; header_text_color=&#8221;#000000&#8243; header_font_size=&#8221;42px&#8221; header_line_height=&#8221;1.5em&#8221;]<\/p>\n<h1>Recevoir sans Concession 2019<\/h1>\n<p>[\/et_pb_text][\/et_pb_column][\/et_pb_row][\/et_pb_section][et_pb_section fb_built=&#8221;1&#8243; admin_label=&#8221;Winners Block&#8221; _builder_version=&#8221;3.22.4&#8243; collapsed=&#8221;off&#8221;][et_pb_row custom_padding=&#8221;|32px||32px&#8221; custom_padding_phone=&#8221;|16px||16px&#8221; custom_margin=&#8221;||-50px&#8221; custom_padding_last_edited=&#8221;on|phone&#8221; _builder_version=&#8221;3.22.4&#8243; background_color=&#8221;#ffffff&#8221; border_radii=&#8221;on|40px|40px|40px|40px&#8221; width=&#8221;60%&#8221; width_tablet=&#8221;80%&#8221; width_phone=&#8221;100%&#8221; width_last_edited=&#8221;on|desktop&#8221; module_alignment=&#8221;center&#8221; custom_margin_tablet=&#8221;||0px&#8221; custom_margin_last_edited=&#8221;on|desktop&#8221; custom_css_main_element=&#8221;position: relative;||z-index: 1;&#8221;][et_pb_column type=&#8221;4_4&#8243; _builder_version=&#8221;3.22.4&#8243;][et_pb_text _builder_version=&#8221;3.22.4&#8243; text_font=&#8221;||||||||&#8221; header_font=&#8221;||||||||&#8221; header_3_font=&#8221;||||||||&#8221; header_3_text_align=&#8221;center&#8221; header_3_text_color=&#8221;#f9c22f&#8221; header_3_font_size=&#8221;32px&#8221; text_orientation=&#8221;center&#8221; custom_margin=&#8221;||0px&#8221; custom_padding=&#8221;||0px&#8221;]<\/p>\n<h3>Gagnant 2019<\/h3>\n<p>[\/et_pb_text][et_pb_blurb title=&#8221;La Maison Bisca&#8221; url=&#8221;https:\/\/www.theoldbakerynorfolk.co.uk\/&#8221; url_new_window=&#8221;on&#8221; content_max_width=&#8221;800px&#8221; _builder_version=&#8221;3.22.4&#8243; header_level=&#8221;h2&#8243; header_font=&#8221;||||||||&#8221; header_font_size=&#8221;36px&#8221; header_font_size_phone=&#8221;25px&#8221; header_font_size_last_edited=&#8221;on|phone&#8221; header_line_height=&#8221;1.4em&#8221; body_font=&#8221;||||||||&#8221; body_text_align=&#8221;center&#8221; body_text_color=&#8221;#000000&#8243; body_font_size=&#8221;14px&#8221; text_orientation=&#8221;center&#8221; custom_margin=&#8221;||&#8221; custom_padding=&#8221;||0px|||&#8221;]<\/p>\n<h3><span style=\"color: #808080\">Biscarosse, Nouvelle-Aquitaine<\/span><\/h3>\n<p>[\/et_pb_blurb][\/et_pb_column][\/et_pb_row][et_pb_row use_custom_gutter=&#8221;on&#8221; gutter_width=&#8221;1&#8243; custom_padding=&#8221;|32px|0px|&#8221; custom_margin=&#8221;||0px&#8221; make_equal=&#8221;on&#8221; _builder_version=&#8221;3.22.4&#8243; background_image=&#8221;https:\/\/awards.eviivo.com\/fr\/wp-content\/uploads\/sites\/3\/2019\/08\/Shortlist-images-Recevoir-sans-concession-Maison-Bisca.png&#8221; min_height=&#8221;529px&#8221; custom_css_main_element=&#8221;min-height: 500px\t&#8220;][et_pb_column type=&#8221;4_4&#8243; _builder_version=&#8221;3.22.4&#8243;][\/et_pb_column][\/et_pb_row][et_pb_row use_custom_gutter=&#8221;on&#8221; gutter_width=&#8221;1&#8243; custom_padding=&#8221;0px|||||&#8221; custom_margin=&#8221;0px||&#8221; make_equal=&#8221;on&#8221; background_color_1=&#8221;#eee&#8221; background_color_2=&#8221;#f2f2f2&#8243; padding_top_1=&#8221;0px&#8221; padding_top_2=&#8221;0px&#8221; _builder_version=&#8221;3.22.4&#8243;][et_pb_column type=&#8221;1_2&#8243; _builder_version=&#8221;3.22.4&#8243;][et_pb_text _builder_version=&#8221;3.22.4&#8243; text_font=&#8221;||||||||&#8221; text_text_color=&#8221;#000000&#8243; text_font_size=&#8221;16px&#8221; text_line_height=&#8221;1.8em&#8221; header_3_font=&#8221;||||||||&#8221; header_3_text_color=&#8221;#000000&#8243; header_3_font_size=&#8221;28px&#8221; header_3_line_height=&#8221;1.7em&#8221; text_orientation=&#8221;center&#8221; custom_margin=&#8221;|||&#8221; custom_padding=&#8221;32px|32px|32px|32px&#8221;]<\/p>\n<h3>\u00c0 propos de la propri\u00e9t\u00e9<\/h3>\n<p><span>Cette maison o\u00f9 r\u00e8gne la convivialit\u00e9 et la bonne humeur \u00e0 Biscarrosse est accessible \u00e0 tous les budgets (d\u00e8s 29 \u20ac) . La Maison Bisca offre une ambiance d&#8217;auberge de jeunesse propice aux rencontres et \u00e0 la d\u00e9couverte de nouveaux sports. En effet, c&#8217;est un lieu o\u00f9<\/span><span>\u00a0amateurs de sports de glisse trouvent leur paradis entre la fabrique de skate, cours de surf, wakeboard\u2026 de quoi passer des vacances id\u00e9ales \u00e0 moindre co\u00fbt.<\/span><\/p>\n<p>[\/et_pb_text][\/et_pb_column][et_pb_column type=&#8221;1_2&#8243; _builder_version=&#8221;3.22.4&#8243;][et_pb_text _builder_version=&#8221;3.22.4&#8243; text_font=&#8221;||||||||&#8221; text_text_color=&#8221;#000000&#8243; text_font_size=&#8221;16px&#8221; text_line_height=&#8221;1.8em&#8221; header_3_font=&#8221;||||||||&#8221; header_3_text_color=&#8221;#000000&#8243; header_3_font_size=&#8221;28px&#8221; header_3_line_height=&#8221;1.7em&#8221; text_orientation=&#8221;center&#8221; custom_margin=&#8221;|||&#8221; custom_padding=&#8221;32px|32px|32px|32px&#8221;]<\/p>\n<h3>Ce qu&#8217;en pensent les juges<\/h3>\n<p><em>\u201cCette propri\u00e9t\u00e9 o\u00f9 r\u00e8gne la convivialit\u00e9 et la bonne humeur est un lieu id\u00e9al pour les amateurs de sports de glisse. <\/em><\/p>\n<p><em>Les voyageurs trouvent leur paradis entre la fabrique de skate, cours de surf, wakeboard\u2026 de quoi passer des vacances id\u00e9ales \u00e0 moindre co\u00fbt.<\/em><\/p>\n<p><em>Les juges ont particuli\u00e8rement aim\u00e9 la qualit\u00e9 d\u2019accueil non sur-faite, spontan\u00e9e, ainsi que le dynamise, la joie de vivre et la g\u00e9n\u00e9rosit\u00e9 de la maison.\u201d<\/em><\/p>\n<p>[\/et_pb_text][\/et_pb_column][\/et_pb_row][\/et_pb_section][et_pb_section fb_built=&#8221;1&#8243; _builder_version=&#8221;3.22.4&#8243; custom_padding=&#8221;||0px&#8221;][et_pb_row _builder_version=&#8221;3.22.4&#8243; background_size=&#8221;initial&#8221; background_position=&#8221;top_left&#8221; background_repeat=&#8221;repeat&#8221; z_index_tablet=&#8221;500&#8243;][et_pb_column type=&#8221;4_4&#8243; _builder_version=&#8221;3.0.47&#8243;][et_pb_text _builder_version=&#8221;3.22.4&#8243; text_font=&#8221;||||||||&#8221; text_font_size=&#8221;27px&#8221; header_font=&#8221;||||||||&#8221; header_2_font=&#8221;||||||||&#8221; header_2_text_align=&#8221;center&#8221; header_3_font=&#8221;||||||||&#8221;]<\/p>\n<h2>Les pr\u00e9s\u00e9lectionn\u00e9s<\/h2>\n<p>[\/et_pb_text][\/et_pb_column][\/et_pb_row][et_pb_row _builder_version=&#8221;3.22.4&#8243; z_index_tablet=&#8221;500&#8243;][et_pb_column type=&#8221;1_3&#8243; _builder_version=&#8221;3.0.47&#8243;][et_pb_blurb title=&#8221;Le Danica&#8221; url=&#8221;https:\/\/www.ledanica.com\/&#8221; image=&#8221;https:\/\/awards.eviivo.com\/fr\/wp-content\/uploads\/sites\/3\/2019\/08\/Shortlist-images-Recevoir-sans-concession-Le-Danica.jpeg&#8221; _builder_version=&#8221;3.22.4&#8243; header_level=&#8221;h2&#8243; header_font=&#8221;||||||||&#8221; body_font=&#8221;||||||||&#8221; custom_padding=&#8221;||0px|||&#8221;]<\/p>\n<h3><span style=\"color: #999999\">Dordives,\u00a0<span>Centre-Val de Loire<\/span><\/span><\/h3>\n<p><span style=\"font-weight: 400\">Le Danica propose un regroupement de cabanes \u00e9tendu sur un site naturel de plus de 5 hectares. Ces cabanes insolites disposent de tout le confort n\u00e9cessaire pour passer un agr\u00e9able week-end en famille pour environ 70 \u20ac la nuit\u00e9e. Le site propose \u00e9galement de multiples activit\u00e9s comme la p\u00eache \u00e0 la mouche ou encore des espaces de barbecue.\u00a0<\/span><\/p>\n<p>[\/et_pb_blurb][\/et_pb_column][et_pb_column type=&#8221;1_3&#8243; _builder_version=&#8221;3.0.47&#8243;][et_pb_blurb title=&#8221;La Villa Reiala&#8221; url=&#8221;https:\/\/www.carrylerouet-villa-reiala.com\/fr-FR&#8221; image=&#8221;https:\/\/awards.eviivo.com\/fr\/wp-content\/uploads\/sites\/3\/2019\/08\/Shortlist-images-Recevoir-sans-concession-Villa-Reiala.png&#8221; _builder_version=&#8221;3.22.4&#8243; header_level=&#8221;h2&#8243; header_font=&#8221;||||||||&#8221; body_font=&#8221;||||||||&#8221;]<\/p>\n<h3><span style=\"color: #999999\"><span>Carry-le-Rouet<\/span>, PACA<\/span><\/h3>\n<p><span style=\"font-weight: 400\">La Villa Reiala propose <\/span><span style=\"font-weight: 400\">un ensemble de<\/span><span style=\"font-weight: 400\"> villas familiales qui se situe<\/span> <span style=\"font-weight: 400\">proche des plages du parc marin et du centre-ville, le c\u00e9l\u00e8bre Fernandel avait \u00e9lu domicile \u00e0 Carry-Le-Rouet dans les Bouches-du-Rh\u00f4ne. Les maisons disposent de nombreux \u00e9quipements qui offrent un confort optimal pour pass<\/span><span style=\"font-weight: 400\">er<\/span><span style=\"font-weight: 400\"> un agr\u00e9able s\u00e9jour autour d\u2019une jolie piscine nich\u00e9e au milieu d\u2019un jardin. <\/span><\/p>\n<p>[\/et_pb_blurb][\/et_pb_column][et_pb_column type=&#8221;1_3&#8243; _builder_version=&#8221;3.0.47&#8243;][et_pb_blurb title=&#8221;Cottages les c\u00f4tes d\u2019Armor&#8221; url=&#8221;https:\/\/www.gitesdarmor.fr\/&#8221; image=&#8221;https:\/\/awards.eviivo.com\/fr\/wp-content\/uploads\/sites\/3\/2019\/08\/Shortlist-images-Recevoir-sans-concession-Cottage-c\u00f4tes-dArmor.png&#8221; _builder_version=&#8221;3.22.4&#8243; header_level=&#8221;h2&#8243; header_font=&#8221;||||||||&#8221; body_font=&#8221;||||||||&#8221; custom_padding=&#8221;||0px|||&#8221;]<\/p>\n<h3><span style=\"color: #999999\"><span>Treguidel<\/span>, Bretagne<\/span><\/h3>\n<p><span style=\"font-weight: 400\">Les Cottages les c\u00f4tes d\u2019Armor proposent diff\u00e9rents types d\u2019h\u00e9bergements (appartements , cottages, chambres d\u2019h\u00f4tes) pour accueillir des familles afin de faire d\u00e9couvrir la Bretagne. Les propri\u00e9taires proposent des logements divers et des prestations de qualit\u00e9 avec un espace ext\u00e9rieur avec piscine<\/span><span style=\"font-weight: 400\">,<\/span><span style=\"font-weight: 400\"> le tout \u00e0 petit prix, environ 80\u20ac en moyenne pour 5 personnes.<\/span><\/p>\n<p>[\/et_pb_blurb][\/et_pb_column][\/et_pb_row][et_pb_row _builder_version=&#8221;3.22.4&#8243; z_index_tablet=&#8221;500&#8243;][et_pb_column type=&#8221;1_3&#8243; _builder_version=&#8221;3.0.47&#8243;][et_pb_blurb title=&#8221;Au Clair des Landes &#8221; url=&#8221;https:\/\/www.auclairdeslandes.com\/fr-FR&#8221; image=&#8221;https:\/\/awards.eviivo.com\/fr\/wp-content\/uploads\/sites\/3\/2019\/08\/Shortlist-images-Recevoir-sans-concession-Au-clair-des-Landes.png&#8221; _builder_version=&#8221;3.22.4&#8243; header_level=&#8221;h2&#8243; header_font=&#8221;||||||||&#8221; body_font=&#8221;||||||||&#8221; custom_padding=&#8221;||0px|||&#8221;]<\/p>\n<h3><span style=\"color: #999999\"><span>Castets<\/span>, Nouvelle-Acquitaine<\/span><\/h3>\n<p><span style=\"font-weight: 400\">Cette jolie demeure du sud ouest est une ancienne maison de m\u00e9tayer. Lorsque le printemps arrive, la propri\u00e9t\u00e9 se transforme en un v\u00e9ritable cocon verdoyant, o\u00f9 il fait bon vivre et <\/span><span style=\"font-weight: 400\">o\u00f9 l\u2019on s\u2019accorde<\/span> <span style=\"font-weight: 400\">du temps pour soi. Le d\u00e9cor, la localisation et les prestations propos\u00e9es font de cette maison un excellent rapport qualit\u00e9\/prix. En \u00e9t\u00e9 c\u2019est un lieu enchanteur pour se ressourcer ! <\/span><\/p>\n<p>[\/et_pb_blurb][\/et_pb_column][et_pb_column type=&#8221;1_3&#8243; _builder_version=&#8221;3.0.47&#8243;][\/et_pb_column][et_pb_column type=&#8221;1_3&#8243; _builder_version=&#8221;3.0.47&#8243;][\/et_pb_column][\/et_pb_row][\/et_pb_section][et_pb_section fb_built=&#8221;1&#8243; _builder_version=&#8221;3.22.4&#8243;][et_pb_row _builder_version=&#8221;3.22.4&#8243;][et_pb_column type=&#8221;4_4&#8243; _builder_version=&#8221;3.22.4&#8243;][et_pb_text _builder_version=&#8221;3.22.4&#8243; text_font=&#8221;||||||||&#8221; text_font_size=&#8221;16px&#8221; text_line_height=&#8221;2.1em&#8221; custom_padding=&#8221;||1px|||&#8221; z_index_tablet=&#8221;500&#8243;]<\/p>\n<p>Avant de cr\u00e9er les eviivo Awards, nous avons \u00e9t\u00e9 choqu\u00e9s par le nombre de prix d\u00e9cern\u00e9s pour des propri\u00e9t\u00e9s cinq \u00e9toiles super luxueuses et haut de gamme, mais combien de personnes peuvent r\u00e9\u00e9llement aborder de tels logements. Chaque ann\u00e9e, des milliers de voyageurs soucieux de leur budget se fient \u00e0 un h\u00e9bergement de bonne qualit\u00e9, \u00e0 un prix abordable, propre et confortable, et nous avons pens\u00e9 qu&#8217;il fallait aussi les promouvoir, c&#8217;est pourquoi nous avons cr\u00e9\u00e9 le prix &#8220;Recevoir sans Concession&#8221;. Ce prix r\u00e9compense les propri\u00e9t\u00e9s qui offrent des chambres d&#8217;excellente qualit\u00e9 \u00e0 un prix abordable, et qui r\u00e9ussissent \u00e0 fournir des lits confortables, des salles de bain impeccables et\u00a0 pleins d&#8217;autres surprises !<\/p>\n<p>[\/et_pb_text][et_pb_divider _builder_version=&#8221;3.22.4&#8243; z_index_tablet=&#8221;500&#8243; saved_tabs=&#8221;all&#8221;][\/et_pb_divider][\/et_pb_column][\/et_pb_row][\/et_pb_section][et_pb_section fb_built=&#8221;1&#8243; _builder_version=&#8221;3.22.3&#8243;][et_pb_row make_equal=&#8221;on&#8221; _builder_version=&#8221;3.22.4&#8243; z_index_tablet=&#8221;500&#8243;][et_pb_column type=&#8221;1_2&#8243; _builder_version=&#8221;3.0.47&#8243;][et_pb_image src=&#8221;https:\/\/awards.eviivo.com\/fr\/wp-content\/uploads\/sites\/3\/2019\/05\/FR18_fabriquecherbourg-e1559058522598.jpg&#8221; _builder_version=&#8221;3.22.4&#8243; z_index_tablet=&#8221;500&#8243;][\/et_pb_image][\/et_pb_column][et_pb_column type=&#8221;1_2&#8243; _builder_version=&#8221;3.0.47&#8243;][et_pb_text _builder_version=&#8221;3.22.4&#8243; header_font=&#8221;||||||||&#8221; header_2_font=&#8221;||||||||&#8221; header_3_font=&#8221;||||||||&#8221; header_3_line_height=&#8221;1.4em&#8221;]<\/p>\n<h3 class=\"p1\">Crit\u00e8res des jurys pour la cat\u00e9gorie Recevoir sans Concession<\/h3>\n<p>[\/et_pb_text][et_pb_text ul_type=&#8221;square&#8221; ul_item_indent=&#8221;20px&#8221; _builder_version=&#8221;3.22.4&#8243; text_font=&#8221;||||||||&#8221; ul_font=&#8221;||||||||&#8221; ul_text_align=&#8221;left&#8221; ul_font_size=&#8221;15px&#8221; ul_line_height=&#8221;2em&#8221; custom_padding=&#8221;0px|||||&#8221;]<\/p>\n<ul>\n<li>Pour gagner, les propri\u00e9t\u00e9s devront avoir d&#8217;excellents avis et t\u00e9moignages clients.<\/li>\n<li class=\"li2\">Un haut niveau de propret\u00e9 et des \u00e9quipements de bonne qualit\u00e9 (salle de bain, lits, etc.) devront \u00eatre compris dans le prix.<\/li>\n<li class=\"li2\">L&#8217;h\u00e9bergement peut d\u00e9j\u00e0 avoir re\u00e7u des r\u00e9compenses touristiques.<\/li>\n<\/ul>\n<p>[\/et_pb_text][\/et_pb_column][\/et_pb_row][et_pb_row _builder_version=&#8221;3.22.3&#8243; background_size=&#8221;initial&#8221; background_position=&#8221;top_left&#8221; background_repeat=&#8221;repeat&#8221;][\/et_pb_row][\/et_pb_section]<\/p>\n","protected":false},"excerpt":{"rendered":"<p>[et_pb_section fb_built=&#8221;1&#8243; _builder_version=&#8221;3.22.4&#8243; background_color=&#8221;#000000&#8243; use_background_color_gradient=&#8221;on&#8221; background_color_gradient_start=&#8221;#000000&#8243; background_color_gradient_end=&#8221;#888888&#8243; background_color_gradient_direction=&#8221;90deg&#8221; background_color_gradient_start_position=&#8221;30%&#8221; background_color_gradient_end_position=&#8221;95%&#8221; background_image=&#8221;https:\/\/awards.eviivo.com\/fr\/wp-content\/uploads\/sites\/3\/2019\/05\/eviivo-awards.jpg&#8221; background_size=&#8221;initial&#8221;][et_pb_row _builder_version=&#8221;3.22.4&#8243;][et_pb_column type=&#8221;4_4&#8243; _builder_version=&#8221;3.0.47&#8243;][et_pb_text _builder_version=&#8221;3.22.4&#8243; text_font=&#8221;||||||||&#8221; text_text_color=&#8221;#000000&#8243; text_font_size=&#8221;24px&#8221; text_orientation=&#8221;center&#8221; custom_margin=&#8221;||16px&#8221; custom_padding=&#8221;||0px&#8221;] eviivo Awards 2019 [\/et_pb_text][et_pb_text _builder_version=&#8221;3.22.4&#8243; text_font=&#8221;||||||||&#8221; text_text_color=&#8221;#000000&#8243; header_font=&#8221;|700|||||||&#8221; header_text_align=&#8221;center&#8221; header_text_color=&#8221;#000000&#8243; header_font_size=&#8221;42px&#8221; header_line_height=&#8221;1.5em&#8221;] Recevoir sans Concession 2019 [\/et_pb_text][\/et_pb_column][\/et_pb_row][\/et_pb_section][et_pb_section fb_built=&#8221;1&#8243; admin_label=&#8221;Winners Block&#8221; _builder_version=&#8221;3.22.4&#8243; collapsed=&#8221;off&#8221;][et_pb_row custom_padding=&#8221;|32px||32px&#8221; custom_padding_phone=&#8221;|16px||16px&#8221; custom_margin=&#8221;||-50px&#8221; custom_padding_last_edited=&#8221;on|phone&#8221; _builder_version=&#8221;3.22.4&#8243; background_color=&#8221;#ffffff&#8221; border_radii=&#8221;on|40px|40px|40px|40px&#8221; width=&#8221;60%&#8221; width_tablet=&#8221;80%&#8221; width_phone=&#8221;100%&#8221; width_last_edited=&#8221;on|desktop&#8221; [&hellip;]<\/p>\n","protected":false},"author":1,"featured_media":0,"parent":191,"menu_order":0,"comment_status":"closed","ping_status":"closed","template":"","meta":{"_et_pb_use_builder":"on","_et_pb_old_content":"","footnotes":""},"class_list":["post-545","page","type-page","status-publish","hentry"],"yoast_head":"<!-- This site is optimized with the Yoast SEO plugin v27.4 - https:\/\/yoast.com\/product\/yoast-seo-wordpress\/ -->\n<title>Recevoir sans Concession - eviivo Awards 2019<\/title>\n<meta name=\"description\" content=\"Le go\u00fbt des autres n\u2019a pas de prix. Un challenge quotidien pour ces propri\u00e9t\u00e9s o\u00f9 l\u2019excellence n\u2019exc\u00e8de pas un tarif de 60\u20ac par nuit et sans compromis sur la qualit\u00e9.\" \/>\n<meta name=\"robots\" content=\"index, follow, max-snippet:-1, max-image-preview:large, max-video-preview:-1\" \/>\n<link rel=\"canonical\" href=\"https:\/\/awards.eviivo.com\/fr\/awards\/recevoir-sans-concession\/\" \/>\n<meta property=\"og:locale\" content=\"en_GB\" \/>\n<meta property=\"og:type\" content=\"article\" \/>\n<meta property=\"og:title\" content=\"Recevoir sans Concession - eviivo Awards 2019\" \/>\n<meta property=\"og:description\" content=\"Le go\u00fbt des autres n\u2019a pas de prix. Un challenge quotidien pour ces propri\u00e9t\u00e9s o\u00f9 l\u2019excellence n\u2019exc\u00e8de pas un tarif de 60\u20ac par nuit et sans compromis sur la qualit\u00e9.\" \/>\n<meta property=\"og:url\" content=\"https:\/\/awards.eviivo.com\/fr\/awards\/recevoir-sans-concession\/\" \/>\n<meta property=\"og:site_name\" content=\"eviivo Awards 2019\" \/>\n<meta property=\"article:publisher\" content=\"https:\/\/www.facebook.com\/teameviivo\/\" \/>\n<meta property=\"article:modified_time\" content=\"2019-11-21T10:03:32+00:00\" \/>\n<meta property=\"og:image\" content=\"https:\/\/awards.eviivo.com\/fr\/wp-content\/uploads\/sites\/3\/2019\/09\/eviivo-Awards-social-post.png\" \/>\n\t<meta property=\"og:image:width\" content=\"1080\" \/>\n\t<meta property=\"og:image:height\" content=\"1080\" \/>\n\t<meta property=\"og:image:type\" content=\"image\/png\" \/>\n<meta name=\"twitter:card\" content=\"summary_large_image\" \/>\n<meta name=\"twitter:image\" content=\"https:\/\/awards.eviivo.com\/fr\/wp-content\/uploads\/sites\/3\/2019\/09\/eviivo-Awards-social-post.png\" \/>\n<meta name=\"twitter:site\" content=\"@eviivo\" \/>\n<meta name=\"twitter:label1\" content=\"Estimated reading time\" \/>\n\t<meta name=\"twitter:data1\" content=\"8 minutes\" \/>\n<script type=\"application\/ld+json\" class=\"yoast-schema-graph\">{\"@context\":\"https:\\\/\\\/schema.org\",\"@graph\":[{\"@type\":\"WebPage\",\"@id\":\"https:\\\/\\\/awards.eviivo.com\\\/fr\\\/awards\\\/recevoir-sans-concession\\\/\",\"url\":\"https:\\\/\\\/awards.eviivo.com\\\/fr\\\/awards\\\/recevoir-sans-concession\\\/\",\"name\":\"Recevoir sans Concession - eviivo Awards 2019\",\"isPartOf\":{\"@id\":\"https:\\\/\\\/awards.eviivo.com\\\/fr\\\/#website\"},\"datePublished\":\"2019-05-14T13:53:39+00:00\",\"dateModified\":\"2019-11-21T10:03:32+00:00\",\"description\":\"Le go\u00fbt des autres n\u2019a pas de prix. Un challenge quotidien pour ces propri\u00e9t\u00e9s o\u00f9 l\u2019excellence n\u2019exc\u00e8de pas un tarif de 60\u20ac par nuit et sans compromis sur la qualit\u00e9.\",\"breadcrumb\":{\"@id\":\"https:\\\/\\\/awards.eviivo.com\\\/fr\\\/awards\\\/recevoir-sans-concession\\\/#breadcrumb\"},\"inLanguage\":\"en-GB\",\"potentialAction\":[{\"@type\":\"ReadAction\",\"target\":[\"https:\\\/\\\/awards.eviivo.com\\\/fr\\\/awards\\\/recevoir-sans-concession\\\/\"]}]},{\"@type\":\"BreadcrumbList\",\"@id\":\"https:\\\/\\\/awards.eviivo.com\\\/fr\\\/awards\\\/recevoir-sans-concession\\\/#breadcrumb\",\"itemListElement\":[{\"@type\":\"ListItem\",\"position\":1,\"name\":\"Home\",\"item\":\"https:\\\/\\\/awards.eviivo.com\\\/fr\\\/\"},{\"@type\":\"ListItem\",\"position\":2,\"name\":\"Awards\",\"item\":\"https:\\\/\\\/awards.eviivo.com\\\/fr\\\/awards\\\/\"},{\"@type\":\"ListItem\",\"position\":3,\"name\":\"Recevoir sans Concession\"}]},{\"@type\":\"WebSite\",\"@id\":\"https:\\\/\\\/awards.eviivo.com\\\/fr\\\/#website\",\"url\":\"https:\\\/\\\/awards.eviivo.com\\\/fr\\\/\",\"name\":\"eviivo Awards 2019\",\"description\":\"La grande comp\u00e9tition annuelle des h\u00e9bergeurs ind\u00e9pendants\",\"potentialAction\":[{\"@type\":\"SearchAction\",\"target\":{\"@type\":\"EntryPoint\",\"urlTemplate\":\"https:\\\/\\\/awards.eviivo.com\\\/fr\\\/?s={search_term_string}\"},\"query-input\":{\"@type\":\"PropertyValueSpecification\",\"valueRequired\":true,\"valueName\":\"search_term_string\"}}],\"inLanguage\":\"en-GB\"}]}<\/script>\n<!-- \/ Yoast SEO plugin. -->","yoast_head_json":{"title":"Recevoir sans Concession - eviivo Awards 2019","description":"Le go\u00fbt des autres n\u2019a pas de prix. Un challenge quotidien pour ces propri\u00e9t\u00e9s o\u00f9 l\u2019excellence n\u2019exc\u00e8de pas un tarif de 60\u20ac par nuit et sans compromis sur la qualit\u00e9.","robots":{"index":"index","follow":"follow","max-snippet":"max-snippet:-1","max-image-preview":"max-image-preview:large","max-video-preview":"max-video-preview:-1"},"canonical":"https:\/\/awards.eviivo.com\/fr\/awards\/recevoir-sans-concession\/","og_locale":"en_GB","og_type":"article","og_title":"Recevoir sans Concession - eviivo Awards 2019","og_description":"Le go\u00fbt des autres n\u2019a pas de prix. Un challenge quotidien pour ces propri\u00e9t\u00e9s o\u00f9 l\u2019excellence n\u2019exc\u00e8de pas un tarif de 60\u20ac par nuit et sans compromis sur la qualit\u00e9.","og_url":"https:\/\/awards.eviivo.com\/fr\/awards\/recevoir-sans-concession\/","og_site_name":"eviivo Awards 2019","article_publisher":"https:\/\/www.facebook.com\/teameviivo\/","article_modified_time":"2019-11-21T10:03:32+00:00","og_image":[{"width":1080,"height":1080,"url":"https:\/\/awards.eviivo.com\/fr\/wp-content\/uploads\/sites\/3\/2019\/09\/eviivo-Awards-social-post.png","type":"image\/png"}],"twitter_card":"summary_large_image","twitter_image":"https:\/\/awards.eviivo.com\/fr\/wp-content\/uploads\/sites\/3\/2019\/09\/eviivo-Awards-social-post.png","twitter_site":"@eviivo","twitter_misc":{"Estimated reading time":"8 minutes"},"schema":{"@context":"https:\/\/schema.org","@graph":[{"@type":"WebPage","@id":"https:\/\/awards.eviivo.com\/fr\/awards\/recevoir-sans-concession\/","url":"https:\/\/awards.eviivo.com\/fr\/awards\/recevoir-sans-concession\/","name":"Recevoir sans Concession - eviivo Awards 2019","isPartOf":{"@id":"https:\/\/awards.eviivo.com\/fr\/#website"},"datePublished":"2019-05-14T13:53:39+00:00","dateModified":"2019-11-21T10:03:32+00:00","description":"Le go\u00fbt des autres n\u2019a pas de prix. Un challenge quotidien pour ces propri\u00e9t\u00e9s o\u00f9 l\u2019excellence n\u2019exc\u00e8de pas un tarif de 60\u20ac par nuit et sans compromis sur la qualit\u00e9.","breadcrumb":{"@id":"https:\/\/awards.eviivo.com\/fr\/awards\/recevoir-sans-concession\/#breadcrumb"},"inLanguage":"en-GB","potentialAction":[{"@type":"ReadAction","target":["https:\/\/awards.eviivo.com\/fr\/awards\/recevoir-sans-concession\/"]}]},{"@type":"BreadcrumbList","@id":"https:\/\/awards.eviivo.com\/fr\/awards\/recevoir-sans-concession\/#breadcrumb","itemListElement":[{"@type":"ListItem","position":1,"name":"Home","item":"https:\/\/awards.eviivo.com\/fr\/"},{"@type":"ListItem","position":2,"name":"Awards","item":"https:\/\/awards.eviivo.com\/fr\/awards\/"},{"@type":"ListItem","position":3,"name":"Recevoir sans Concession"}]},{"@type":"WebSite","@id":"https:\/\/awards.eviivo.com\/fr\/#website","url":"https:\/\/awards.eviivo.com\/fr\/","name":"eviivo Awards 2019","description":"La grande comp\u00e9tition annuelle des h\u00e9bergeurs ind\u00e9pendants","potentialAction":[{"@type":"SearchAction","target":{"@type":"EntryPoint","urlTemplate":"https:\/\/awards.eviivo.com\/fr\/?s={search_term_string}"},"query-input":{"@type":"PropertyValueSpecification","valueRequired":true,"valueName":"search_term_string"}}],"inLanguage":"en-GB"}]}},"_links":{"self":[{"href":"https:\/\/awards.eviivo.com\/fr\/wp-json\/wp\/v2\/pages\/545","targetHints":{"allow":["GET"]}}],"collection":[{"href":"https:\/\/awards.eviivo.com\/fr\/wp-json\/wp\/v2\/pages"}],"about":[{"href":"https:\/\/awards.eviivo.com\/fr\/wp-json\/wp\/v2\/types\/page"}],"author":[{"embeddable":true,"href":"https:\/\/awards.eviivo.com\/fr\/wp-json\/wp\/v2\/users\/1"}],"replies":[{"embeddable":true,"href":"https:\/\/awards.eviivo.com\/fr\/wp-json\/wp\/v2\/comments?post=545"}],"version-history":[{"count":0,"href":"https:\/\/awards.eviivo.com\/fr\/wp-json\/wp\/v2\/pages\/545\/revisions"}],"up":[{"embeddable":true,"href":"https:\/\/awards.eviivo.com\/fr\/wp-json\/wp\/v2\/pages\/191"}],"wp:attachment":[{"href":"https:\/\/awards.eviivo.com\/fr\/wp-json\/wp\/v2\/media?parent=545"}],"curies":[{"name":"wp","href":"https:\/\/api.w.org\/{rel}","templated":true}]}}