{"id":547,"date":"2019-05-14T15:55:11","date_gmt":"2019-05-14T14:55:11","guid":{"rendered":"http:\/\/eviivoawards.wpengine.com\/?page_id=547"},"modified":"2019-11-21T10:44:57","modified_gmt":"2019-11-21T09:44:57","slug":"table-la-plus-gourmande-2019","status":"publish","type":"page","link":"https:\/\/awards.eviivo.com\/fr\/awards\/table-la-plus-gourmande-2019\/","title":{"rendered":"Table la plus Gourmande"},"content":{"rendered":"<p>[et_pb_section fb_built=&#8221;1&#8243; _builder_version=&#8221;3.22.4&#8243; background_color=&#8221;#000000&#8243; use_background_color_gradient=&#8221;on&#8221; background_color_gradient_start=&#8221;#000000&#8243; background_color_gradient_end=&#8221;#888888&#8243; background_color_gradient_direction=&#8221;90deg&#8221; background_color_gradient_start_position=&#8221;30%&#8221; background_color_gradient_end_position=&#8221;95%&#8221; background_image=&#8221;https:\/\/awards.eviivo.com\/fr\/wp-content\/uploads\/sites\/3\/2019\/05\/eviivo-awards.jpg&#8221; background_size=&#8221;initial&#8221;][et_pb_row _builder_version=&#8221;3.22.4&#8243;][et_pb_column type=&#8221;4_4&#8243; _builder_version=&#8221;3.0.47&#8243;][et_pb_text _builder_version=&#8221;3.22.4&#8243; text_font=&#8221;||||||||&#8221; text_text_color=&#8221;#000000&#8243; text_font_size=&#8221;24px&#8221; text_orientation=&#8221;center&#8221; custom_margin=&#8221;||16px&#8221; custom_padding=&#8221;||0px&#8221;]<\/p>\n<p>eviivo Awards 2019<\/p>\n<p>[\/et_pb_text][et_pb_text _builder_version=&#8221;3.22.4&#8243; text_font=&#8221;||||||||&#8221; text_text_color=&#8221;#000000&#8243; header_font=&#8221;|700|||||||&#8221; header_text_align=&#8221;center&#8221; header_text_color=&#8221;#000000&#8243; header_font_size=&#8221;42px&#8221; header_line_height=&#8221;1.5em&#8221; z_index_tablet=&#8221;500&#8243;]<\/p>\n<h1>Table la plus Gourmande 2019<\/h1>\n<p>[\/et_pb_text][\/et_pb_column][\/et_pb_row][\/et_pb_section][et_pb_section fb_built=&#8221;1&#8243; admin_label=&#8221;Winners Block&#8221; _builder_version=&#8221;3.22.4&#8243; collapsed=&#8221;off&#8221;][et_pb_row custom_padding=&#8221;|32px||32px&#8221; custom_padding_phone=&#8221;|16px||16px&#8221; custom_margin=&#8221;||-50px&#8221; custom_padding_last_edited=&#8221;on|phone&#8221; _builder_version=&#8221;3.22.4&#8243; background_color=&#8221;#ffffff&#8221; border_radii=&#8221;on|40px|40px|40px|40px&#8221; width=&#8221;60%&#8221; width_tablet=&#8221;80%&#8221; width_phone=&#8221;100%&#8221; width_last_edited=&#8221;on|desktop&#8221; module_alignment=&#8221;center&#8221; custom_margin_tablet=&#8221;||0px&#8221; custom_margin_last_edited=&#8221;on|desktop&#8221; custom_css_main_element=&#8221;position: relative;||z-index: 1;&#8221;][et_pb_column type=&#8221;4_4&#8243; _builder_version=&#8221;3.22.4&#8243;][et_pb_text admin_label=&#8221;Text&#8221; _builder_version=&#8221;3.22.4&#8243; text_font=&#8221;||||||||&#8221; header_font=&#8221;||||||||&#8221; header_3_font=&#8221;||||||||&#8221; header_3_text_align=&#8221;center&#8221; header_3_text_color=&#8221;#f9c22f&#8221; header_3_font_size=&#8221;32px&#8221; text_orientation=&#8221;center&#8221; custom_margin=&#8221;||0px&#8221; custom_padding=&#8221;||0px&#8221;]<\/p>\n<h3>Gagnant 2019<\/h3>\n<p>[\/et_pb_text][et_pb_blurb title=&#8221;Le Ch\u00e2teau d&#8217;Origny&#8221; url=&#8221;https:\/\/www.theoldbakerynorfolk.co.uk\/&#8221; url_new_window=&#8221;on&#8221; content_max_width=&#8221;800px&#8221; _builder_version=&#8221;3.22.4&#8243; header_level=&#8221;h2&#8243; header_font=&#8221;||||||||&#8221; header_font_size=&#8221;36px&#8221; header_font_size_phone=&#8221;25px&#8221; header_font_size_last_edited=&#8221;on|phone&#8221; header_line_height=&#8221;1.4em&#8221; body_font=&#8221;||||||||&#8221; body_text_align=&#8221;center&#8221; body_text_color=&#8221;#000000&#8243; body_font_size=&#8221;14px&#8221; text_orientation=&#8221;center&#8221; custom_margin=&#8221;||&#8221; custom_padding=&#8221;||0px|||&#8221;]<\/p>\n<h3><span>Ouches,\u00a0Auvergne-Rh\u00f4ne-Alpes<\/span><\/h3>\n<p>[\/et_pb_blurb][\/et_pb_column][\/et_pb_row][et_pb_row use_custom_gutter=&#8221;on&#8221; gutter_width=&#8221;1&#8243; custom_padding=&#8221;|32px|0px|&#8221; custom_margin=&#8221;||0px&#8221; make_equal=&#8221;on&#8221; _builder_version=&#8221;3.22.4&#8243; background_image=&#8221;https:\/\/awards.eviivo.com\/fr\/wp-content\/uploads\/sites\/3\/2019\/08\/Shortlist-images-La-table-la-plus-gourmande-Ch\u00e2teau-dOrigny.png&#8221; min_height=&#8221;529px&#8221; custom_css_main_element=&#8221;min-height: 500px\t&#8220;][et_pb_column type=&#8221;4_4&#8243; _builder_version=&#8221;3.22.4&#8243;][\/et_pb_column][\/et_pb_row][et_pb_row use_custom_gutter=&#8221;on&#8221; gutter_width=&#8221;1&#8243; custom_padding=&#8221;0px|||||&#8221; custom_margin=&#8221;0px||&#8221; make_equal=&#8221;on&#8221; background_color_1=&#8221;#eee&#8221; background_color_2=&#8221;#f2f2f2&#8243; padding_top_1=&#8221;0px&#8221; padding_top_2=&#8221;0px&#8221; _builder_version=&#8221;3.22.4&#8243;][et_pb_column type=&#8221;1_2&#8243; _builder_version=&#8221;3.22.4&#8243;][et_pb_text _builder_version=&#8221;3.22.4&#8243; text_font=&#8221;||||||||&#8221; text_text_color=&#8221;#000000&#8243; text_font_size=&#8221;16px&#8221; text_line_height=&#8221;1.8em&#8221; header_3_font=&#8221;||||||||&#8221; header_3_text_color=&#8221;#000000&#8243; header_3_font_size=&#8221;28px&#8221; header_3_line_height=&#8221;1.7em&#8221; text_orientation=&#8221;center&#8221; custom_margin=&#8221;|||&#8221; custom_padding=&#8221;32px|32px|32px|32px&#8221;]<\/p>\n<h3>\u00c0 propos de la propri\u00e9t\u00e9<\/h3>\n<p><span>Ce ch\u00e2teau situ\u00e9 pr\u00e8s des c\u00f4tes roannaises m\u00e9lange raffinement, confort et authenticit\u00e9, offrant ainsi une ambiance majestueuse et chaleureuse. Les voyageurs viennent y passer un instant magique et d\u00e9couvrir une cuisine haut de gamme. Sa table d\u2019h\u00f4te propose trois plats d\u2019exception cr\u00e9\u00e9s dans les ann\u00e9es soixante-dix par deux chefs parisiens, Jean-Marie Cl\u00e9ment et Jacques Mani\u00e8re du Dodin Bouffan, tr\u00e8s pris\u00e9s \u00e0 leur \u00e9poque. <\/span><\/p>\n<p>[\/et_pb_text][\/et_pb_column][et_pb_column type=&#8221;1_2&#8243; _builder_version=&#8221;3.22.4&#8243;][et_pb_text _builder_version=&#8221;3.22.4&#8243; text_font=&#8221;||||||||&#8221; text_text_color=&#8221;#000000&#8243; text_font_size=&#8221;16px&#8221; text_line_height=&#8221;1.8em&#8221; header_3_font=&#8221;||||||||&#8221; header_3_text_color=&#8221;#000000&#8243; header_3_font_size=&#8221;28px&#8221; header_3_line_height=&#8221;1.7em&#8221; text_orientation=&#8221;center&#8221; custom_margin=&#8221;|||&#8221; custom_padding=&#8221;32px|32px|32px|32px&#8221;]<\/p>\n<h3>Ce qu&#8217;en pensent les juges<\/h3>\n<p><em>\u201cSitu\u00e9 pr\u00e8s des c\u00f4tes roannaises, cette propri\u00e9t\u00e9 m\u00e9lange raffinement, confort et authenticit\u00e9, offrant ainsi une ambiance majestueuse et chaleureuse. Les voyageurs y d\u00e9couvrent une cuisine haut de gamme.<\/em><\/p>\n<p><em>Sa table d\u2019h\u00f4te propose trois plats d\u2019exception cr\u00e9\u00e9s dans les ann\u00e9es soixante-dix par deux chefs parisiens, Jean-Marie Cl\u00e9ment et Jacques Mani\u00e8re du Dodin Bouffan<\/em><\/p>\n<p><em>Les juges ont particuli\u00e8rement aim\u00e9 l\u2019esth\u00e9tisme et la gourmandise des plats propos\u00e9s.\u201d<\/em><\/p>\n<p>[\/et_pb_text][\/et_pb_column][\/et_pb_row][\/et_pb_section][et_pb_section fb_built=&#8221;1&#8243; _builder_version=&#8221;3.22.3&#8243;][et_pb_row _builder_version=&#8221;3.22.3&#8243; background_size=&#8221;initial&#8221; background_position=&#8221;top_left&#8221; background_repeat=&#8221;repeat&#8221;][et_pb_column type=&#8221;4_4&#8243; _builder_version=&#8221;3.0.47&#8243;][et_pb_text _builder_version=&#8221;3.22.4&#8243; header_font=&#8221;||||||||&#8221; header_2_font=&#8221;||||||||&#8221; header_2_text_align=&#8221;center&#8221; header_3_font=&#8221;||||||||&#8221;]<\/p>\n<h2>Les pr\u00e9s\u00e9lectionn\u00e9s<\/h2>\n<p>[\/et_pb_text][\/et_pb_column][\/et_pb_row][et_pb_row _builder_version=&#8221;3.22.4&#8243; z_index_tablet=&#8221;500&#8243;][et_pb_column type=&#8221;1_3&#8243; _builder_version=&#8221;3.0.47&#8243;][et_pb_blurb title=&#8221;La Borie du Chevrier &#8221; url=&#8221;https:\/\/www.borie-du-chevrier.com\/&#8221; image=&#8221;https:\/\/awards.eviivo.com\/fr\/wp-content\/uploads\/sites\/3\/2019\/08\/Shortlist-images-La-table-la-plus-gourmande-La-Borie-du-chevier.png&#8221; _builder_version=&#8221;3.22.4&#8243; header_level=&#8221;h2&#8243; header_font=&#8221;||||||||&#8221; body_font=&#8221;||||||||&#8221; custom_padding=&#8221;||0px|||&#8221;]<\/p>\n<h3><span style=\"color: #999999\"><span>Sainte-Croix<\/span>,\u00a0<span>Nouvelle-Aquitaine<\/span><\/span><\/h3>\n<p><span style=\"font-weight: 400\">Cet \u00e9tablissement de charme accueille les visiteurs au c\u0153ur de la campagne p\u00e9rigourdine. La ma\u00eetresse de maison propose une cuisine \u00e9co-responsable compos\u00e9e exclusivement de produits frais issus de fili\u00e8res locales. Ce style culinaire mariant les particularit\u00e9s des cuisines du monde (association innovante de recette<\/span><span style=\"font-weight: 400\">s<\/span><span style=\"font-weight: 400\"> du Sud-Ouest et d\u2019Asie) en fait une table d\u2019h\u00f4te qui r\u00e9gale les papilles de ses convives. <\/span><\/p>\n<p>[\/et_pb_blurb][\/et_pb_column][et_pb_column type=&#8221;1_3&#8243; _builder_version=&#8221;3.0.47&#8243;][et_pb_blurb title=&#8221;Domaine la Parpaille&#8221; url=&#8221;https:\/\/www.domaine-la-parpaille.com\/index.php\/fr\/&#8221; url_new_window=&#8221;on&#8221; image=&#8221;https:\/\/awards.eviivo.com\/fr\/wp-content\/uploads\/sites\/3\/2019\/08\/Shortlist-images-La-table-la-plus-gourmande-Domaine-la-Parpaille.png&#8221; _builder_version=&#8221;3.22.4&#8243; header_level=&#8221;h2&#8243; header_font=&#8221;||||||||&#8221; body_font=&#8221;||||||||&#8221; custom_margin=&#8221;||-12px|||&#8221; custom_padding=&#8221;||0px|||&#8221;]<\/p>\n<h3><span style=\"color: #999999\"><span>Cucuron<\/span>, PACA<\/span><\/h3>\n<p><span style=\"font-weight: 400\">Le Domaine de la Parpaille est une imposante b\u00e2tisse du XVII\u00e8me si\u00e8cle enti\u00e8rement restaur\u00e9e dans un style boh\u00e8me contemporain. On y d\u00e9couvre un lieu de ressourcement magique au c\u0153ur du Luberon. Pour sa table d\u2019h\u00f4te, la propri\u00e9taire adapte chaque recette au r\u00e9gime alimentaire des convives pour \u00eatre certaine de plaire au plus grand nombre. Les produits sont frais et de provenance locale.<\/span><\/p>\n<p>[\/et_pb_blurb][\/et_pb_column][et_pb_column type=&#8221;1_3&#8243; _builder_version=&#8221;3.0.47&#8243;][et_pb_blurb title=&#8221;G\u00eete les Foulons&#8221; url=&#8221;https:\/\/www.gitelesfoulons.fr\/fr-FR&#8221; image=&#8221;https:\/\/awards.eviivo.com\/fr\/wp-content\/uploads\/sites\/3\/2019\/08\/Shortlist-images-La-table-la-plus-gourmande-G\u00eete-les-Foulons.png&#8221; _builder_version=&#8221;3.22.4&#8243; header_level=&#8221;h2&#8243; header_font=&#8221;||||||||&#8221; body_font=&#8221;||||||||&#8221; custom_padding=&#8221;||0px|||&#8221;]<\/p>\n<h3><span style=\"color: #999999\"><span>Saint-Jean-Saint-Nicolas, PACA<\/span><\/span><\/h3>\n<p><span style=\"font-weight: 400\">Ce g\u00eete montagnard nich\u00e9 en plein coeur des Hautes-Alpes propose \u00e0 ses visiteurs des plats conviviaux et r\u00e9confortants: id\u00e9al apr\u00e8s une longue journ\u00e9e de ski ou de randonn\u00e9e. Le propri\u00e9taire explique que pour r\u00e9aliser cette cuisine <em>familiale<\/em>, il ne recherche que des ingr\u00e9dients des petits producteurs locaux pour une fra\u00eecheur garantie. Les plats \u00e9voluent au cours de l&#8217;ann\u00e9e pour que les recettes soient repens\u00e9es \u00e0 chaque saison.<\/span><\/p>\n<p>[\/et_pb_blurb][\/et_pb_column][\/et_pb_row][et_pb_row _builder_version=&#8221;3.22.4&#8243; z_index_tablet=&#8221;500&#8243;][et_pb_column type=&#8221;1_3&#8243; _builder_version=&#8221;3.0.47&#8243;][et_pb_blurb title=&#8221;Plumes et Coton &#8221; url=&#8221;http:\/\/plumes-et-coton.fr\/&#8221; url_new_window=&#8221;on&#8221; image=&#8221;https:\/\/awards.eviivo.com\/fr\/wp-content\/uploads\/sites\/3\/2019\/08\/Shortlist-images-La-table-la-plus-gourmande-Plumes-et-coton.png&#8221; _builder_version=&#8221;3.22.4&#8243; header_level=&#8221;h2&#8243; header_font=&#8221;||||||||&#8221; body_font=&#8221;||||||||&#8221; custom_padding=&#8221;||0px|||&#8221;]<\/p>\n<h3><span style=\"color: #999999\"><span>\u00c9curie<\/span>,\u00a0<span>Hauts-de-France<\/span><\/span><\/h3>\n<p><span style=\"font-weight: 400\">Cette b\u00e2tisse datant de 1920 <\/span><span style=\"font-weight: 400\">a<\/span><span style=\"font-weight: 400\"> \u00e9t\u00e9 un r\u00e9el coup de coeur des propri\u00e9taires qui en ont fait un h\u00e9bergement douillet et accueillant. Cette maison familiale offre des plats sains pour les avertis de voyage. En effet, la propri\u00e9taire, tr\u00e8s attir\u00e9e par la cuisine asiatique <\/span><span style=\"font-weight: 400\">a<\/span><span style=\"font-weight: 400\"> su r\u00e9pondre aux attentes actuelles des invit\u00e9s en m\u00e9langeant cuisine du monde et tradition fran\u00e7aise.<\/span><\/p>\n<p>[\/et_pb_blurb][\/et_pb_column][et_pb_column type=&#8221;1_3&#8243; _builder_version=&#8221;3.0.47&#8243;][\/et_pb_column][et_pb_column type=&#8221;1_3&#8243; _builder_version=&#8221;3.0.47&#8243;][\/et_pb_column][\/et_pb_row][\/et_pb_section][et_pb_section fb_built=&#8221;1&#8243; _builder_version=&#8221;3.22.4&#8243;][et_pb_row _builder_version=&#8221;3.22.4&#8243;][et_pb_column type=&#8221;4_4&#8243; _builder_version=&#8221;3.22.4&#8243;][et_pb_text _builder_version=&#8221;3.22.4&#8243; text_font=&#8221;||||||||&#8221; text_font_size=&#8221;16px&#8221; text_line_height=&#8221;2.1em&#8221; custom_padding=&#8221;||0px|||&#8221; z_index_tablet=&#8221;500&#8243;]<\/p>\n<p>Un excellent accueil et une propri\u00e9t\u00e9 attrayante sont essentiels au succ\u00e8s d&#8217;un g\u00eete touristique. Mais de beaux meubles et un grand sourire ne suffiront pas \u00e0 tous les clients. Certains voyageurs recherchent une exp\u00e9rience qui d\u00e9passe le cadre d&#8217;un s\u00e9jour ordinaire dans une maison d&#8217;h\u00f4tes. Le prix &#8220;La Table la plus Gourmande&#8221; r\u00e9compense la propri\u00e9t\u00e9 offrant le meilleur suppl\u00e9ment ou compl\u00e9ment \u00e0 ses invit\u00e9s. Qu&#8217;il s&#8217;agisse d&#8217;un repas savoureux, d&#8217;un restaurant exceptionnel ou d&#8217;un magnifique jardin, voici les \u00e9l\u00e9ments qui font des propri\u00e9t\u00e9s bien plus que de simples h\u00e9bergements touristiques.<\/p>\n<p>[\/et_pb_text][et_pb_divider admin_label=&#8221;Divider&#8221; _builder_version=&#8221;3.22.4&#8243; z_index_tablet=&#8221;500&#8243; saved_tabs=&#8221;all&#8221;][\/et_pb_divider][\/et_pb_column][\/et_pb_row][\/et_pb_section][et_pb_section fb_built=&#8221;1&#8243; _builder_version=&#8221;3.22.3&#8243;][et_pb_row make_equal=&#8221;on&#8221; _builder_version=&#8221;3.22.4&#8243; z_index_tablet=&#8221;500&#8243;][et_pb_column type=&#8221;1_2&#8243; _builder_version=&#8221;3.0.47&#8243;][et_pb_image src=&#8221;https:\/\/awards.eviivo.com\/fr\/wp-content\/uploads\/sites\/3\/2019\/05\/FR18_villapalmier-e1559058707562.jpg&#8221; _builder_version=&#8221;3.22.4&#8243; z_index_tablet=&#8221;500&#8243;][\/et_pb_image][\/et_pb_column][et_pb_column type=&#8221;1_2&#8243; _builder_version=&#8221;3.0.47&#8243;][et_pb_text admin_label=&#8221;Text&#8221; _builder_version=&#8221;3.22.4&#8243; header_font=&#8221;||||||||&#8221; header_2_font=&#8221;||||||||&#8221; header_3_font=&#8221;||||||||&#8221; header_3_line_height=&#8221;1.4em&#8221;]<\/p>\n<h3 class=\"p1\">Crit\u00e8res des jurys pour la cat\u00e9gorie La Table la plus Gourmande<\/h3>\n<p>[\/et_pb_text][et_pb_text ul_type=&#8221;square&#8221; ul_item_indent=&#8221;20px&#8221; _builder_version=&#8221;3.22.4&#8243; text_font=&#8221;||||||||&#8221; ul_font=&#8221;||||||||&#8221; ul_text_align=&#8221;left&#8221; ul_font_size=&#8221;15px&#8221; ul_line_height=&#8221;2em&#8221; custom_padding=&#8221;0px|||||&#8221;]<\/p>\n<ul>\n<li>Les juges choisiront le gagnant en fonction de son plat de signature et de la convivialit\u00e9 de sa table.<\/li>\n<li class=\"li1\">L&#8217;avis des clients sera hautement important<\/li>\n<li class=\"li2\">Nous voulons conna\u00eetre l&#8217;inspiration derri\u00e8re la cr\u00e9ation de ce plat.<\/li>\n<li class=\"li2\">Les juges examineront si les produits locaux sont mis en avant.<\/li>\n<\/ul>\n<p>&nbsp;<\/p>\n<p>[\/et_pb_text][\/et_pb_column][\/et_pb_row][\/et_pb_section]<\/p>\n","protected":false},"excerpt":{"rendered":"<p>[et_pb_section fb_built=&#8221;1&#8243; _builder_version=&#8221;3.22.4&#8243; background_color=&#8221;#000000&#8243; use_background_color_gradient=&#8221;on&#8221; background_color_gradient_start=&#8221;#000000&#8243; background_color_gradient_end=&#8221;#888888&#8243; background_color_gradient_direction=&#8221;90deg&#8221; background_color_gradient_start_position=&#8221;30%&#8221; background_color_gradient_end_position=&#8221;95%&#8221; background_image=&#8221;https:\/\/awards.eviivo.com\/fr\/wp-content\/uploads\/sites\/3\/2019\/05\/eviivo-awards.jpg&#8221; background_size=&#8221;initial&#8221;][et_pb_row _builder_version=&#8221;3.22.4&#8243;][et_pb_column type=&#8221;4_4&#8243; _builder_version=&#8221;3.0.47&#8243;][et_pb_text _builder_version=&#8221;3.22.4&#8243; text_font=&#8221;||||||||&#8221; text_text_color=&#8221;#000000&#8243; text_font_size=&#8221;24px&#8221; text_orientation=&#8221;center&#8221; custom_margin=&#8221;||16px&#8221; custom_padding=&#8221;||0px&#8221;] eviivo Awards 2019 [\/et_pb_text][et_pb_text _builder_version=&#8221;3.22.4&#8243; text_font=&#8221;||||||||&#8221; text_text_color=&#8221;#000000&#8243; header_font=&#8221;|700|||||||&#8221; header_text_align=&#8221;center&#8221; header_text_color=&#8221;#000000&#8243; header_font_size=&#8221;42px&#8221; header_line_height=&#8221;1.5em&#8221; z_index_tablet=&#8221;500&#8243;] Table la plus Gourmande 2019 [\/et_pb_text][\/et_pb_column][\/et_pb_row][\/et_pb_section][et_pb_section fb_built=&#8221;1&#8243; admin_label=&#8221;Winners Block&#8221; _builder_version=&#8221;3.22.4&#8243; collapsed=&#8221;off&#8221;][et_pb_row custom_padding=&#8221;|32px||32px&#8221; custom_padding_phone=&#8221;|16px||16px&#8221; custom_margin=&#8221;||-50px&#8221; custom_padding_last_edited=&#8221;on|phone&#8221; _builder_version=&#8221;3.22.4&#8243; background_color=&#8221;#ffffff&#8221; border_radii=&#8221;on|40px|40px|40px|40px&#8221; width=&#8221;60%&#8221; width_tablet=&#8221;80%&#8221; [&hellip;]<\/p>\n","protected":false},"author":1,"featured_media":0,"parent":191,"menu_order":0,"comment_status":"closed","ping_status":"closed","template":"","meta":{"_et_pb_use_builder":"on","_et_pb_old_content":"","footnotes":""},"class_list":["post-547","page","type-page","status-publish","hentry"],"yoast_head":"<!-- This site is optimized with the Yoast SEO plugin v27.4 - https:\/\/yoast.com\/product\/yoast-seo-wordpress\/ -->\n<title>Table la plus Gourmande - eviivo Awards 2019<\/title>\n<meta name=\"description\" content=\"Cet eviivo Award r\u00e9compense la recette la plus gourmande, les meilleurs produits de nos terroirs et la cr\u00e9ativit\u00e9 de votre Carte. Bon app\u00e9tit !\" \/>\n<meta name=\"robots\" content=\"index, follow, max-snippet:-1, max-image-preview:large, max-video-preview:-1\" \/>\n<link rel=\"canonical\" href=\"https:\/\/awards.eviivo.com\/fr\/awards\/table-la-plus-gourmande-2019\/\" \/>\n<meta property=\"og:locale\" content=\"en_GB\" \/>\n<meta property=\"og:type\" content=\"article\" \/>\n<meta property=\"og:title\" content=\"Table la plus Gourmande - eviivo Awards 2019\" \/>\n<meta property=\"og:description\" content=\"Cet eviivo Award r\u00e9compense la recette la plus gourmande, les meilleurs produits de nos terroirs et la cr\u00e9ativit\u00e9 de votre Carte. Bon app\u00e9tit !\" \/>\n<meta property=\"og:url\" content=\"https:\/\/awards.eviivo.com\/fr\/awards\/table-la-plus-gourmande-2019\/\" \/>\n<meta property=\"og:site_name\" content=\"eviivo Awards 2019\" \/>\n<meta property=\"article:publisher\" content=\"https:\/\/www.facebook.com\/teameviivo\/\" \/>\n<meta property=\"article:modified_time\" content=\"2019-11-21T09:44:57+00:00\" \/>\n<meta property=\"og:image\" content=\"https:\/\/awards.eviivo.com\/fr\/wp-content\/uploads\/sites\/3\/2019\/09\/eviivo-Awards-social-post.png\" \/>\n\t<meta property=\"og:image:width\" content=\"1080\" \/>\n\t<meta property=\"og:image:height\" content=\"1080\" \/>\n\t<meta property=\"og:image:type\" content=\"image\/png\" \/>\n<meta name=\"twitter:card\" content=\"summary_large_image\" \/>\n<meta name=\"twitter:image\" content=\"https:\/\/awards.eviivo.com\/fr\/wp-content\/uploads\/sites\/3\/2019\/09\/eviivo-Awards-social-post.png\" \/>\n<meta name=\"twitter:site\" content=\"@eviivo\" \/>\n<meta name=\"twitter:label1\" content=\"Estimated reading time\" \/>\n\t<meta name=\"twitter:data1\" content=\"8 minutes\" \/>\n<script type=\"application\/ld+json\" class=\"yoast-schema-graph\">{\"@context\":\"https:\\\/\\\/schema.org\",\"@graph\":[{\"@type\":\"WebPage\",\"@id\":\"https:\\\/\\\/awards.eviivo.com\\\/fr\\\/awards\\\/table-la-plus-gourmande-2019\\\/\",\"url\":\"https:\\\/\\\/awards.eviivo.com\\\/fr\\\/awards\\\/table-la-plus-gourmande-2019\\\/\",\"name\":\"Table la plus Gourmande - eviivo Awards 2019\",\"isPartOf\":{\"@id\":\"https:\\\/\\\/awards.eviivo.com\\\/fr\\\/#website\"},\"datePublished\":\"2019-05-14T14:55:11+00:00\",\"dateModified\":\"2019-11-21T09:44:57+00:00\",\"description\":\"Cet eviivo Award r\u00e9compense la recette la plus gourmande, les meilleurs produits de nos terroirs et la cr\u00e9ativit\u00e9 de votre Carte. Bon app\u00e9tit !\",\"breadcrumb\":{\"@id\":\"https:\\\/\\\/awards.eviivo.com\\\/fr\\\/awards\\\/table-la-plus-gourmande-2019\\\/#breadcrumb\"},\"inLanguage\":\"en-GB\",\"potentialAction\":[{\"@type\":\"ReadAction\",\"target\":[\"https:\\\/\\\/awards.eviivo.com\\\/fr\\\/awards\\\/table-la-plus-gourmande-2019\\\/\"]}]},{\"@type\":\"BreadcrumbList\",\"@id\":\"https:\\\/\\\/awards.eviivo.com\\\/fr\\\/awards\\\/table-la-plus-gourmande-2019\\\/#breadcrumb\",\"itemListElement\":[{\"@type\":\"ListItem\",\"position\":1,\"name\":\"Home\",\"item\":\"https:\\\/\\\/awards.eviivo.com\\\/fr\\\/\"},{\"@type\":\"ListItem\",\"position\":2,\"name\":\"Awards\",\"item\":\"https:\\\/\\\/awards.eviivo.com\\\/fr\\\/awards\\\/\"},{\"@type\":\"ListItem\",\"position\":3,\"name\":\"Table la plus Gourmande\"}]},{\"@type\":\"WebSite\",\"@id\":\"https:\\\/\\\/awards.eviivo.com\\\/fr\\\/#website\",\"url\":\"https:\\\/\\\/awards.eviivo.com\\\/fr\\\/\",\"name\":\"eviivo Awards 2019\",\"description\":\"La grande comp\u00e9tition annuelle des h\u00e9bergeurs ind\u00e9pendants\",\"potentialAction\":[{\"@type\":\"SearchAction\",\"target\":{\"@type\":\"EntryPoint\",\"urlTemplate\":\"https:\\\/\\\/awards.eviivo.com\\\/fr\\\/?s={search_term_string}\"},\"query-input\":{\"@type\":\"PropertyValueSpecification\",\"valueRequired\":true,\"valueName\":\"search_term_string\"}}],\"inLanguage\":\"en-GB\"}]}<\/script>\n<!-- \/ Yoast SEO plugin. -->","yoast_head_json":{"title":"Table la plus Gourmande - eviivo Awards 2019","description":"Cet eviivo Award r\u00e9compense la recette la plus gourmande, les meilleurs produits de nos terroirs et la cr\u00e9ativit\u00e9 de votre Carte. Bon app\u00e9tit !","robots":{"index":"index","follow":"follow","max-snippet":"max-snippet:-1","max-image-preview":"max-image-preview:large","max-video-preview":"max-video-preview:-1"},"canonical":"https:\/\/awards.eviivo.com\/fr\/awards\/table-la-plus-gourmande-2019\/","og_locale":"en_GB","og_type":"article","og_title":"Table la plus Gourmande - eviivo Awards 2019","og_description":"Cet eviivo Award r\u00e9compense la recette la plus gourmande, les meilleurs produits de nos terroirs et la cr\u00e9ativit\u00e9 de votre Carte. Bon app\u00e9tit !","og_url":"https:\/\/awards.eviivo.com\/fr\/awards\/table-la-plus-gourmande-2019\/","og_site_name":"eviivo Awards 2019","article_publisher":"https:\/\/www.facebook.com\/teameviivo\/","article_modified_time":"2019-11-21T09:44:57+00:00","og_image":[{"width":1080,"height":1080,"url":"https:\/\/awards.eviivo.com\/fr\/wp-content\/uploads\/sites\/3\/2019\/09\/eviivo-Awards-social-post.png","type":"image\/png"}],"twitter_card":"summary_large_image","twitter_image":"https:\/\/awards.eviivo.com\/fr\/wp-content\/uploads\/sites\/3\/2019\/09\/eviivo-Awards-social-post.png","twitter_site":"@eviivo","twitter_misc":{"Estimated reading time":"8 minutes"},"schema":{"@context":"https:\/\/schema.org","@graph":[{"@type":"WebPage","@id":"https:\/\/awards.eviivo.com\/fr\/awards\/table-la-plus-gourmande-2019\/","url":"https:\/\/awards.eviivo.com\/fr\/awards\/table-la-plus-gourmande-2019\/","name":"Table la plus Gourmande - eviivo Awards 2019","isPartOf":{"@id":"https:\/\/awards.eviivo.com\/fr\/#website"},"datePublished":"2019-05-14T14:55:11+00:00","dateModified":"2019-11-21T09:44:57+00:00","description":"Cet eviivo Award r\u00e9compense la recette la plus gourmande, les meilleurs produits de nos terroirs et la cr\u00e9ativit\u00e9 de votre Carte. Bon app\u00e9tit !","breadcrumb":{"@id":"https:\/\/awards.eviivo.com\/fr\/awards\/table-la-plus-gourmande-2019\/#breadcrumb"},"inLanguage":"en-GB","potentialAction":[{"@type":"ReadAction","target":["https:\/\/awards.eviivo.com\/fr\/awards\/table-la-plus-gourmande-2019\/"]}]},{"@type":"BreadcrumbList","@id":"https:\/\/awards.eviivo.com\/fr\/awards\/table-la-plus-gourmande-2019\/#breadcrumb","itemListElement":[{"@type":"ListItem","position":1,"name":"Home","item":"https:\/\/awards.eviivo.com\/fr\/"},{"@type":"ListItem","position":2,"name":"Awards","item":"https:\/\/awards.eviivo.com\/fr\/awards\/"},{"@type":"ListItem","position":3,"name":"Table la plus Gourmande"}]},{"@type":"WebSite","@id":"https:\/\/awards.eviivo.com\/fr\/#website","url":"https:\/\/awards.eviivo.com\/fr\/","name":"eviivo Awards 2019","description":"La grande comp\u00e9tition annuelle des h\u00e9bergeurs ind\u00e9pendants","potentialAction":[{"@type":"SearchAction","target":{"@type":"EntryPoint","urlTemplate":"https:\/\/awards.eviivo.com\/fr\/?s={search_term_string}"},"query-input":{"@type":"PropertyValueSpecification","valueRequired":true,"valueName":"search_term_string"}}],"inLanguage":"en-GB"}]}},"_links":{"self":[{"href":"https:\/\/awards.eviivo.com\/fr\/wp-json\/wp\/v2\/pages\/547","targetHints":{"allow":["GET"]}}],"collection":[{"href":"https:\/\/awards.eviivo.com\/fr\/wp-json\/wp\/v2\/pages"}],"about":[{"href":"https:\/\/awards.eviivo.com\/fr\/wp-json\/wp\/v2\/types\/page"}],"author":[{"embeddable":true,"href":"https:\/\/awards.eviivo.com\/fr\/wp-json\/wp\/v2\/users\/1"}],"replies":[{"embeddable":true,"href":"https:\/\/awards.eviivo.com\/fr\/wp-json\/wp\/v2\/comments?post=547"}],"version-history":[{"count":0,"href":"https:\/\/awards.eviivo.com\/fr\/wp-json\/wp\/v2\/pages\/547\/revisions"}],"up":[{"embeddable":true,"href":"https:\/\/awards.eviivo.com\/fr\/wp-json\/wp\/v2\/pages\/191"}],"wp:attachment":[{"href":"https:\/\/awards.eviivo.com\/fr\/wp-json\/wp\/v2\/media?parent=547"}],"curies":[{"name":"wp","href":"https:\/\/api.w.org\/{rel}","templated":true}]}}