{"id":549,"date":"2019-05-14T15:56:31","date_gmt":"2019-05-14T14:56:31","guid":{"rendered":"http:\/\/eviivoawards.wpengine.com\/?page_id=549"},"modified":"2019-11-21T11:09:54","modified_gmt":"2019-11-21T10:09:54","slug":"sejour-le-plus-insolite","status":"publish","type":"page","link":"https:\/\/awards.eviivo.com\/fr\/awards\/sejour-le-plus-insolite\/","title":{"rendered":"S\u00e9jour le plus Insolite"},"content":{"rendered":"<p>[et_pb_section fb_built=&#8221;1&#8243; _builder_version=&#8221;3.22.4&#8243; background_color=&#8221;#000000&#8243; use_background_color_gradient=&#8221;on&#8221; background_color_gradient_start=&#8221;#000000&#8243; background_color_gradient_end=&#8221;#888888&#8243; background_color_gradient_direction=&#8221;90deg&#8221; background_color_gradient_start_position=&#8221;30%&#8221; background_color_gradient_end_position=&#8221;95%&#8221; background_image=&#8221;https:\/\/awards.eviivo.com\/fr\/wp-content\/uploads\/sites\/3\/2019\/05\/eviivo-awards.jpg&#8221; background_size=&#8221;initial&#8221;][et_pb_row _builder_version=&#8221;3.22.4&#8243;][et_pb_column type=&#8221;4_4&#8243; _builder_version=&#8221;3.0.47&#8243;][et_pb_text _builder_version=&#8221;3.22.4&#8243; text_font=&#8221;||||||||&#8221; text_text_color=&#8221;#000000&#8243; text_font_size=&#8221;24px&#8221; text_orientation=&#8221;center&#8221; custom_margin=&#8221;||16px&#8221; custom_padding=&#8221;||0px&#8221;]<\/p>\n<p>eviivo Awards 2019<\/p>\n<p>[\/et_pb_text][et_pb_text _builder_version=&#8221;3.22.4&#8243; text_font=&#8221;||||||||&#8221; text_text_color=&#8221;#000000&#8243; header_font=&#8221;|700|||||||&#8221; header_text_align=&#8221;center&#8221; header_text_color=&#8221;#000000&#8243; header_font_size=&#8221;42px&#8221; header_line_height=&#8221;1.5em&#8221;]<\/p>\n<h1>S\u00e9jour le plus Insolite 2019<\/h1>\n<p>[\/et_pb_text][\/et_pb_column][\/et_pb_row][\/et_pb_section][et_pb_section fb_built=&#8221;1&#8243; admin_label=&#8221;Winners Block&#8221; _builder_version=&#8221;3.22.4&#8243; collapsed=&#8221;off&#8221;][et_pb_row custom_padding=&#8221;|32px||32px&#8221; custom_padding_phone=&#8221;|16px||16px&#8221; custom_margin=&#8221;||-50px&#8221; custom_padding_last_edited=&#8221;on|phone&#8221; _builder_version=&#8221;3.22.4&#8243; background_color=&#8221;#ffffff&#8221; border_radii=&#8221;on|40px|40px|40px|40px&#8221; width=&#8221;60%&#8221; width_tablet=&#8221;80%&#8221; width_phone=&#8221;100%&#8221; width_last_edited=&#8221;on|desktop&#8221; module_alignment=&#8221;center&#8221; custom_margin_tablet=&#8221;||0px&#8221; custom_margin_last_edited=&#8221;on|desktop&#8221; custom_css_main_element=&#8221;position: relative;||z-index: 1;&#8221;][et_pb_column type=&#8221;4_4&#8243; _builder_version=&#8221;3.22.4&#8243;][et_pb_text _builder_version=&#8221;3.22.4&#8243; text_font=&#8221;||||||||&#8221; header_font=&#8221;||||||||&#8221; header_3_font=&#8221;||||||||&#8221; header_3_text_align=&#8221;center&#8221; header_3_text_color=&#8221;#f9c22f&#8221; header_3_font_size=&#8221;32px&#8221; text_orientation=&#8221;center&#8221; custom_margin=&#8221;||0px&#8221; custom_padding=&#8221;||0px&#8221;]<\/p>\n<h3>Gagnant 2019<\/h3>\n<p>[\/et_pb_text][et_pb_blurb title=&#8221;L&#8217;Auberge du chemin de fer&#8221; url=&#8221;https:\/\/www.theoldbakerynorfolk.co.uk\/&#8221; url_new_window=&#8221;on&#8221; content_max_width=&#8221;800px&#8221; _builder_version=&#8221;3.22.4&#8243; header_level=&#8221;h2&#8243; header_font=&#8221;||||||||&#8221; header_font_size=&#8221;36px&#8221; header_font_size_phone=&#8221;25px&#8221; header_font_size_last_edited=&#8221;on|phone&#8221; header_line_height=&#8221;1.4em&#8221; body_font=&#8221;||||||||&#8221; body_text_align=&#8221;center&#8221; body_text_color=&#8221;#000000&#8243; body_font_size=&#8221;14px&#8221; text_orientation=&#8221;center&#8221; custom_margin=&#8221;||&#8221; custom_padding=&#8221;||0px|||&#8221;]<\/p>\n<h3><span style=\"color: #808080\">Lanester, Bretagne<\/span><\/h3>\n<p>[\/et_pb_blurb][\/et_pb_column][\/et_pb_row][et_pb_row use_custom_gutter=&#8221;on&#8221; gutter_width=&#8221;1&#8243; custom_padding=&#8221;|32px|0px|&#8221; custom_margin=&#8221;||0px&#8221; make_equal=&#8221;on&#8221; _builder_version=&#8221;3.22.4&#8243; background_image=&#8221;https:\/\/awards.eviivo.com\/fr\/wp-content\/uploads\/sites\/3\/2019\/11\/les-g\u00eetes-de-picasso-lanester4.jpg&#8221; min_height=&#8221;529px&#8221; custom_css_main_element=&#8221;min-height: 500px\t&#8220;][et_pb_column type=&#8221;4_4&#8243; _builder_version=&#8221;3.22.4&#8243;][\/et_pb_column][\/et_pb_row][et_pb_row use_custom_gutter=&#8221;on&#8221; gutter_width=&#8221;1&#8243; custom_padding=&#8221;0px|||||&#8221; custom_margin=&#8221;0px||&#8221; make_equal=&#8221;on&#8221; background_color_1=&#8221;#eee&#8221; background_color_2=&#8221;#f2f2f2&#8243; padding_top_1=&#8221;0px&#8221; padding_top_2=&#8221;0px&#8221; _builder_version=&#8221;3.22.4&#8243;][et_pb_column type=&#8221;1_2&#8243; _builder_version=&#8221;3.22.4&#8243;][et_pb_text _builder_version=&#8221;3.22.4&#8243; text_font=&#8221;||||||||&#8221; text_text_color=&#8221;#000000&#8243; text_font_size=&#8221;16px&#8221; text_line_height=&#8221;1.8em&#8221; header_3_font=&#8221;||||||||&#8221; header_3_text_color=&#8221;#000000&#8243; header_3_font_size=&#8221;28px&#8221; header_3_line_height=&#8221;1.7em&#8221; text_orientation=&#8221;center&#8221; custom_margin=&#8221;|||&#8221; custom_padding=&#8221;32px|32px|32px|32px&#8221;]<\/p>\n<h3>\u00c0 propos de la propri\u00e9t\u00e9<\/h3>\n<p><span>Cette auberge offre une aventure inoubliable avec son G\u00eete du Picasso. Un concept novateur permettant aux voyageurs de passer un s\u00e9jour dans un moyen de locomotion des ann\u00e9e 50. L\u2019autorail Picasso a \u00e9t\u00e9 transform\u00e9 en deux v\u00e9ritables h\u00e9bergements, offrant tout le confort n\u00e9cessaire. Le petit plus ? De v\u00e9ritables meubles ayant appartenus \u00e0 la SNCF m\u00e9lang\u00e9s \u00e0 une d\u00e9coration moderne.\u00a0<\/span><\/p>\n<p>[\/et_pb_text][\/et_pb_column][et_pb_column type=&#8221;1_2&#8243; _builder_version=&#8221;3.22.4&#8243;][et_pb_text _builder_version=&#8221;3.22.4&#8243; text_font=&#8221;||||||||&#8221; text_text_color=&#8221;#000000&#8243; text_font_size=&#8221;16px&#8221; text_line_height=&#8221;1.8em&#8221; header_3_font=&#8221;||||||||&#8221; header_3_text_color=&#8221;#000000&#8243; header_3_font_size=&#8221;28px&#8221; header_3_line_height=&#8221;1.7em&#8221; text_orientation=&#8221;center&#8221; custom_margin=&#8221;|||&#8221; custom_padding=&#8221;32px|32px|32px|32px&#8221;]<\/p>\n<h3>Ce qu&#8217;en pensent les juges<\/h3>\n<p><em>\u201cCet h\u00e9bergement peu commun se cache en pleine Bretagne. Un concept novateur permettant aux voyageurs de passer un s\u00e9jour dans un moyen de locomotion des ann\u00e9es 50<\/em>.<\/p>\n<p><em>Le train \u00e9tait autrefois la loge officielle de nombreux artistes du Festival des Vieilles Charrues.<\/em>\u00a0<\/p>\n<p><em>Les jugent ont particuli\u00e8rement aim\u00e9 la raret\u00e9 du lieu soulignant qu&#8217;aujourd&#8217;hui les h\u00e9bergements dans des wagons se comptent sur les doigts d&#8217;une main.\u201d<\/em><\/p>\n<p>[\/et_pb_text][\/et_pb_column][\/et_pb_row][\/et_pb_section][et_pb_section fb_built=&#8221;1&#8243; _builder_version=&#8221;3.22.4&#8243; custom_padding=&#8221;||0px&#8221;][et_pb_row _builder_version=&#8221;3.22.4&#8243; background_size=&#8221;initial&#8221; background_position=&#8221;top_left&#8221; background_repeat=&#8221;repeat&#8221; z_index_tablet=&#8221;500&#8243;][et_pb_column type=&#8221;4_4&#8243; _builder_version=&#8221;3.0.47&#8243;][et_pb_text _builder_version=&#8221;3.22.4&#8243; text_font=&#8221;||||||||&#8221; text_font_size=&#8221;27px&#8221; header_font=&#8221;||||||||&#8221; header_2_font=&#8221;||||||||&#8221; header_2_text_align=&#8221;center&#8221; header_3_font=&#8221;||||||||&#8221;]<\/p>\n<h2>Les pr\u00e9s\u00e9lectionn\u00e9s<\/h2>\n<p>[\/et_pb_text][\/et_pb_column][\/et_pb_row][et_pb_row custom_margin=&#8221;|||||&#8221; _builder_version=&#8221;3.22.4&#8243; z_index_tablet=&#8221;500&#8243;][et_pb_column type=&#8221;1_3&#8243; _builder_version=&#8221;3.0.47&#8243;][et_pb_blurb title=&#8221;Le Bois de Rosoy &#8211; Escape Forest&#8221; url=&#8221;https:\/\/www.leboisderosoy.com\/cabane-dans-les-arbres\/&#8221; image=&#8221;https:\/\/awards.eviivo.com\/fr\/wp-content\/uploads\/sites\/3\/2019\/09\/Shortlist-images-Le-s\u00e9jour-le-plus-exquis-1.png&#8221; _builder_version=&#8221;3.22.4&#8243; header_level=&#8221;h2&#8243; header_font=&#8221;||||||||&#8221; body_font=&#8221;||||||||&#8221; custom_padding=&#8221;||0px|||&#8221;]<\/p>\n<h3><span style=\"color: #999999\"><span>Rosoy-en-Multien<\/span>,\u00a0<span>Hauts-de-France<\/span><\/span><\/h3>\n<p><span style=\"font-weight: 400\">Cet h\u00e9bergement familial offre un s\u00e9jour in\u00e9dit appel\u00e9 l\u2019Escape Forest. Cette aventure est inspir\u00e9e des escape games o\u00f9 les participants choisissent entre 5 parcours et univers diff\u00e9rents. Au programme : campement sous tentes ou en refuge, \u00e9nigmes, cuisine au feu de camp et jeu de piste de nuit. Les aventures se d\u00e9roulent sur 2 jours et comprennent une nuit dans un campement envo\u00fbtant.<\/span><\/p>\n<p>[\/et_pb_blurb][\/et_pb_column][et_pb_column type=&#8221;1_3&#8243; _builder_version=&#8221;3.0.47&#8243;][et_pb_blurb title=&#8221;Hoya Surf Camp &#8221; url=&#8221;https:\/\/standuppaddlebiscarrosse.com\/hebergement-et-formules\/&#8221; image=&#8221;https:\/\/awards.eviivo.com\/fr\/wp-content\/uploads\/sites\/3\/2019\/08\/Shortlist-images-Le-s\u00e9jour-le-plus-insolite-Hoya-Surf-Camp.png&#8221; _builder_version=&#8221;3.22.4&#8243; header_level=&#8221;h2&#8243; header_font=&#8221;||||||||&#8221; body_font=&#8221;||||||||&#8221;]<\/p>\n<h3><span style=\"color: #999999\">Biscarosse,\u00a0<span>Nouvelle-Aquitaine\u00a0<\/span><\/span><\/h3>\n<p><span style=\"font-weight: 400\">Geoffrey, le fondateur est surfeur de m\u00e9tier, s\u2019inspire de ses nombreux voyages pour cr\u00e9er Hoya Surf Camp. Un surf Camp install\u00e9 au c\u0153ur de la for\u00eat landaise, \u00e0 deux pas des vagues de la plage qui offre diverses possibilit\u00e9s de s\u00e9jours; notamment des cours de surf et stand-up paddle. Des cabanes en bois tout confort attendent les visiteurs pendant la dur\u00e9e de leur s\u00e9jour.\u00a0<\/span><\/p>\n<p>[\/et_pb_blurb][\/et_pb_column][et_pb_column type=&#8221;1_3&#8243; _builder_version=&#8221;3.0.47&#8243;][et_pb_blurb title=&#8221;Le Clos L\u00e9onard &#8221; url=&#8221;http:\/\/leclos-leonard.com\/&#8221; image=&#8221;https:\/\/awards.eviivo.com\/fr\/wp-content\/uploads\/sites\/3\/2019\/08\/Shortlist-images-Le-s\u00e9jour-le-plus-insolite-Le-clos-L\u00e9onard.png&#8221; _builder_version=&#8221;3.22.4&#8243; header_level=&#8221;h2&#8243; header_font=&#8221;||||||||&#8221; body_font=&#8221;||||||||&#8221; custom_padding=&#8221;||0px|||&#8221;]<\/p>\n<h3><span style=\"color: #999999\"><span>Amboise<\/span>,\u00a0<span>Centre-Val de Loire<\/span><\/span><\/h3>\n<p><span style=\"font-weight: 400\">Cette grande b\u00e2tisse situ\u00e9e \u00e0 mi-chemin entre le ch\u00e2teau de Chenonceau et celui d\u2019Amboise propose sept chambres inspir\u00e9es de l\u2019univers James Bond des ann\u00e9e 70. En plus de ses d\u00e9cors atypiques, le Clos L\u00e9onard offre divers activit\u00e9s telles que des balades au milieu des ch\u00e2teaux dans une mythique 2CV, des randonn\u00e9es p\u00e9destres ou \u00e0 v\u00e9lo ou encore un moment d\u00e9tente au SPA.<\/span><\/p>\n<p>[\/et_pb_blurb][\/et_pb_column][\/et_pb_row][et_pb_row _builder_version=&#8221;3.22.4&#8243; z_index_tablet=&#8221;500&#8243;][et_pb_column type=&#8221;1_3&#8243; _builder_version=&#8221;3.0.47&#8243;][et_pb_blurb title=&#8221;\u00d4 campement des possibles&#8221; url=&#8221;https:\/\/ocampementdespossibles.com\/&#8221; image=&#8221;https:\/\/awards.eviivo.com\/fr\/wp-content\/uploads\/sites\/3\/2019\/08\/Shortlist-images-Le-s\u00e9jour-le-plus-insolite-\u00d4-campement-des-possibles.png&#8221; _builder_version=&#8221;3.22.4&#8243; header_level=&#8221;h2&#8243; header_font=&#8221;||||||||&#8221; body_font=&#8221;||||||||&#8221; custom_padding=&#8221;||0px|||&#8221;]<\/p>\n<h3><span style=\"color: #999999\"><span>Mailhac<\/span>, Occitanie\u00a0<\/span><\/h3>\n<p><span style=\"font-weight: 400\">Ces h\u00e9bergements\u00a0<\/span><span style=\"font-weight: 400\">insolites sont une r\u00e9elle invitation \u00e0 se ressourcer. L\u2019\u00e9tablissement offre des s\u00e9jours en tipi et d\u00f4me de toile mais aussi dans un h\u00e9bergement f\u00e9\u00e9rique : le zome; un logement in\u00e9dit s\u2019inspirant de mol\u00e9cule d\u2019ADN pour cr\u00e9er une ambiance relaxante \u201cpermettant de d\u00e9velopper sa cr\u00e9ativit\u00e9 et son ancrage \u00e0 la nature\u201d, explique Fr\u00e9d\u00e9rique la cr\u00e9atrice du concept.<\/span><\/p>\n<p>[\/et_pb_blurb][\/et_pb_column][et_pb_column type=&#8221;1_3&#8243; _builder_version=&#8221;3.0.47&#8243;][\/et_pb_column][et_pb_column type=&#8221;1_3&#8243; _builder_version=&#8221;3.0.47&#8243;][\/et_pb_column][\/et_pb_row][\/et_pb_section][et_pb_section fb_built=&#8221;1&#8243; _builder_version=&#8221;3.22.4&#8243;][et_pb_row _builder_version=&#8221;3.22.4&#8243;][et_pb_column type=&#8221;4_4&#8243; _builder_version=&#8221;3.22.4&#8243;][et_pb_text _builder_version=&#8221;3.22.4&#8243; text_font=&#8221;||||||||&#8221; text_font_size=&#8221;16px&#8221; text_line_height=&#8221;2.1em&#8221; custom_padding=&#8221;||1px|||&#8221; z_index_tablet=&#8221;500&#8243;]<\/p>\n<p>La cat\u00e9gorire &#8220;Le S\u00e9jour le plus Insolite&#8221; reconna\u00eet le caract\u00e8re unique des h\u00e9bergeurs, de leurs propri\u00e9t\u00e9s et des exp\u00e9riences qu&#8217;ils offrent. Le gagnant de ce prix sera une propri\u00e9t\u00e9 offrant une exp\u00e9rience vraiment excentrique aux invit\u00e9s &#8211;\u00a0 des int\u00e9rieurs th\u00e9matiques, un lieu improbable, des exp\u00e9riences in\u00e9dites. Peu importe ce qui rend le gagnant de ce prix unique, qu&#8217;il s&#8217;agisse de l&#8217;h\u00f4te, de l&#8217;h\u00e9bergement ou d&#8217;autre chose, ce seront tant de conditions qui feront en sorte que les invit\u00e9s repartiront avec beaucoup d&#8217;histoires \u00e0 raconter \u00e0 leurs amis apr\u00e8s leur s\u00e9jour.<\/p>\n<p>[\/et_pb_text][et_pb_divider _builder_version=&#8221;3.22.4&#8243; z_index_tablet=&#8221;500&#8243; saved_tabs=&#8221;all&#8221;][\/et_pb_divider][\/et_pb_column][\/et_pb_row][\/et_pb_section][et_pb_section fb_built=&#8221;1&#8243; _builder_version=&#8221;3.22.3&#8243;][et_pb_row make_equal=&#8221;on&#8221; _builder_version=&#8221;3.22.4&#8243; z_index_tablet=&#8221;500&#8243;][et_pb_column type=&#8221;1_2&#8243; _builder_version=&#8221;3.0.47&#8243;][et_pb_image src=&#8221;https:\/\/awards.eviivo.com\/fr\/wp-content\/uploads\/sites\/3\/2019\/05\/FR_cabanescielterre-e1559058355625.jpg&#8221; _builder_version=&#8221;3.22.4&#8243; z_index_tablet=&#8221;500&#8243;][\/et_pb_image][\/et_pb_column][et_pb_column type=&#8221;1_2&#8243; _builder_version=&#8221;3.0.47&#8243;][et_pb_text _builder_version=&#8221;3.22.4&#8243; header_font=&#8221;||||||||&#8221; header_2_font=&#8221;||||||||&#8221; header_3_font=&#8221;||||||||&#8221; header_3_line_height=&#8221;1.4em&#8221;]<\/p>\n<h3 class=\"p1\">Crit\u00e8res des jurys pour la cat\u00e9gorie S\u00e9jour le plus Insolite<\/h3>\n<p>[\/et_pb_text][et_pb_text ul_type=&#8221;square&#8221; ul_item_indent=&#8221;20px&#8221; _builder_version=&#8221;3.22.4&#8243; text_font=&#8221;||||||||&#8221; ul_font=&#8221;||||||||&#8221; ul_text_align=&#8221;left&#8221; ul_font_size=&#8221;15px&#8221; ul_line_height=&#8221;2em&#8221; custom_padding=&#8221;0px|||||&#8221;]<\/p>\n<ul>\n<li>Les juges examineront ce qui rend la propri\u00e9t\u00e9 diff\u00e9rente, que ce soit l&#8217;h\u00e9bergement ou les h\u00f4tes eux-m\u00eames.<\/li>\n<li class=\"li1\">Les activit\u00e9s offertes aux invit\u00e9s peuvent \u00eatre tr\u00e8s diff\u00e9rentes de ce qui se fait ailleurs.<\/li>\n<li class=\"li2\">Nous aimerions savoir comment la propri\u00e9t\u00e9 a vu le jour et comment les h\u00f4tes sont entr\u00e9s dans le monde merveilleux de l&#8217;h\u00e9bergement<\/li>\n<\/ul>\n<p>&nbsp;<\/p>\n<p>[\/et_pb_text][\/et_pb_column][\/et_pb_row][et_pb_row _builder_version=&#8221;3.22.3&#8243; background_size=&#8221;initial&#8221; background_position=&#8221;top_left&#8221; background_repeat=&#8221;repeat&#8221;][\/et_pb_row][\/et_pb_section]<\/p>\n","protected":false},"excerpt":{"rendered":"<p>[et_pb_section fb_built=&#8221;1&#8243; _builder_version=&#8221;3.22.4&#8243; background_color=&#8221;#000000&#8243; use_background_color_gradient=&#8221;on&#8221; background_color_gradient_start=&#8221;#000000&#8243; background_color_gradient_end=&#8221;#888888&#8243; background_color_gradient_direction=&#8221;90deg&#8221; background_color_gradient_start_position=&#8221;30%&#8221; background_color_gradient_end_position=&#8221;95%&#8221; background_image=&#8221;https:\/\/awards.eviivo.com\/fr\/wp-content\/uploads\/sites\/3\/2019\/05\/eviivo-awards.jpg&#8221; background_size=&#8221;initial&#8221;][et_pb_row _builder_version=&#8221;3.22.4&#8243;][et_pb_column type=&#8221;4_4&#8243; _builder_version=&#8221;3.0.47&#8243;][et_pb_text _builder_version=&#8221;3.22.4&#8243; text_font=&#8221;||||||||&#8221; text_text_color=&#8221;#000000&#8243; text_font_size=&#8221;24px&#8221; text_orientation=&#8221;center&#8221; custom_margin=&#8221;||16px&#8221; custom_padding=&#8221;||0px&#8221;] eviivo Awards 2019 [\/et_pb_text][et_pb_text _builder_version=&#8221;3.22.4&#8243; text_font=&#8221;||||||||&#8221; text_text_color=&#8221;#000000&#8243; header_font=&#8221;|700|||||||&#8221; header_text_align=&#8221;center&#8221; header_text_color=&#8221;#000000&#8243; header_font_size=&#8221;42px&#8221; header_line_height=&#8221;1.5em&#8221;] S\u00e9jour le plus Insolite 2019 [\/et_pb_text][\/et_pb_column][\/et_pb_row][\/et_pb_section][et_pb_section fb_built=&#8221;1&#8243; admin_label=&#8221;Winners Block&#8221; _builder_version=&#8221;3.22.4&#8243; collapsed=&#8221;off&#8221;][et_pb_row custom_padding=&#8221;|32px||32px&#8221; custom_padding_phone=&#8221;|16px||16px&#8221; custom_margin=&#8221;||-50px&#8221; custom_padding_last_edited=&#8221;on|phone&#8221; _builder_version=&#8221;3.22.4&#8243; background_color=&#8221;#ffffff&#8221; border_radii=&#8221;on|40px|40px|40px|40px&#8221; width=&#8221;60%&#8221; width_tablet=&#8221;80%&#8221; width_phone=&#8221;100%&#8221; [&hellip;]<\/p>\n","protected":false},"author":1,"featured_media":0,"parent":191,"menu_order":0,"comment_status":"closed","ping_status":"closed","template":"","meta":{"_et_pb_use_builder":"on","_et_pb_old_content":"","footnotes":""},"class_list":["post-549","page","type-page","status-publish","hentry"],"yoast_head":"<!-- This site is optimized with the Yoast SEO plugin v27.4 - https:\/\/yoast.com\/product\/yoast-seo-wordpress\/ -->\n<title>S\u00e9jour le plus Insolite - eviivo Awards 2019<\/title>\n<meta name=\"description\" content=\"Place \u00e0 l\u2019\u00e9vasion et aux exp\u00e9riences uniques ! Cette cat\u00e9gorie est r\u00e9serv\u00e9e aux h\u00e9bergeurs les plus singuliers et aux \u00e9tablissements aussi incroyables qu&#039;insolites!\" \/>\n<meta name=\"robots\" content=\"index, follow, max-snippet:-1, max-image-preview:large, max-video-preview:-1\" \/>\n<link rel=\"canonical\" href=\"https:\/\/awards.eviivo.com\/fr\/awards\/sejour-le-plus-insolite\/\" \/>\n<meta property=\"og:locale\" content=\"en_GB\" \/>\n<meta property=\"og:type\" content=\"article\" \/>\n<meta property=\"og:title\" content=\"S\u00e9jour le plus Insolite - eviivo Awards 2019\" \/>\n<meta property=\"og:description\" content=\"Place \u00e0 l\u2019\u00e9vasion et aux exp\u00e9riences uniques ! Cette cat\u00e9gorie est r\u00e9serv\u00e9e aux h\u00e9bergeurs les plus singuliers et aux \u00e9tablissements aussi incroyables qu&#039;insolites!\" \/>\n<meta property=\"og:url\" content=\"https:\/\/awards.eviivo.com\/fr\/awards\/sejour-le-plus-insolite\/\" \/>\n<meta property=\"og:site_name\" content=\"eviivo Awards 2019\" \/>\n<meta property=\"article:publisher\" content=\"https:\/\/www.facebook.com\/teameviivo\/\" \/>\n<meta property=\"article:modified_time\" content=\"2019-11-21T10:09:54+00:00\" \/>\n<meta property=\"og:image\" content=\"https:\/\/awards.eviivo.com\/fr\/wp-content\/uploads\/sites\/3\/2019\/09\/eviivo-Awards-social-post.png\" \/>\n\t<meta property=\"og:image:width\" content=\"1080\" \/>\n\t<meta property=\"og:image:height\" content=\"1080\" \/>\n\t<meta property=\"og:image:type\" content=\"image\/png\" \/>\n<meta name=\"twitter:card\" content=\"summary_large_image\" \/>\n<meta name=\"twitter:image\" content=\"https:\/\/awards.eviivo.com\/fr\/wp-content\/uploads\/sites\/3\/2019\/09\/eviivo-Awards-social-post.png\" \/>\n<meta name=\"twitter:site\" content=\"@eviivo\" \/>\n<meta name=\"twitter:label1\" content=\"Estimated reading time\" \/>\n\t<meta name=\"twitter:data1\" content=\"8 minutes\" \/>\n<script type=\"application\/ld+json\" class=\"yoast-schema-graph\">{\"@context\":\"https:\\\/\\\/schema.org\",\"@graph\":[{\"@type\":\"WebPage\",\"@id\":\"https:\\\/\\\/awards.eviivo.com\\\/fr\\\/awards\\\/sejour-le-plus-insolite\\\/\",\"url\":\"https:\\\/\\\/awards.eviivo.com\\\/fr\\\/awards\\\/sejour-le-plus-insolite\\\/\",\"name\":\"S\u00e9jour le plus Insolite - eviivo Awards 2019\",\"isPartOf\":{\"@id\":\"https:\\\/\\\/awards.eviivo.com\\\/fr\\\/#website\"},\"datePublished\":\"2019-05-14T14:56:31+00:00\",\"dateModified\":\"2019-11-21T10:09:54+00:00\",\"description\":\"Place \u00e0 l\u2019\u00e9vasion et aux exp\u00e9riences uniques ! Cette cat\u00e9gorie est r\u00e9serv\u00e9e aux h\u00e9bergeurs les plus singuliers et aux \u00e9tablissements aussi incroyables qu'insolites!\",\"breadcrumb\":{\"@id\":\"https:\\\/\\\/awards.eviivo.com\\\/fr\\\/awards\\\/sejour-le-plus-insolite\\\/#breadcrumb\"},\"inLanguage\":\"en-GB\",\"potentialAction\":[{\"@type\":\"ReadAction\",\"target\":[\"https:\\\/\\\/awards.eviivo.com\\\/fr\\\/awards\\\/sejour-le-plus-insolite\\\/\"]}]},{\"@type\":\"BreadcrumbList\",\"@id\":\"https:\\\/\\\/awards.eviivo.com\\\/fr\\\/awards\\\/sejour-le-plus-insolite\\\/#breadcrumb\",\"itemListElement\":[{\"@type\":\"ListItem\",\"position\":1,\"name\":\"Home\",\"item\":\"https:\\\/\\\/awards.eviivo.com\\\/fr\\\/\"},{\"@type\":\"ListItem\",\"position\":2,\"name\":\"Awards\",\"item\":\"https:\\\/\\\/awards.eviivo.com\\\/fr\\\/awards\\\/\"},{\"@type\":\"ListItem\",\"position\":3,\"name\":\"S\u00e9jour le plus Insolite\"}]},{\"@type\":\"WebSite\",\"@id\":\"https:\\\/\\\/awards.eviivo.com\\\/fr\\\/#website\",\"url\":\"https:\\\/\\\/awards.eviivo.com\\\/fr\\\/\",\"name\":\"eviivo Awards 2019\",\"description\":\"La grande comp\u00e9tition annuelle des h\u00e9bergeurs ind\u00e9pendants\",\"potentialAction\":[{\"@type\":\"SearchAction\",\"target\":{\"@type\":\"EntryPoint\",\"urlTemplate\":\"https:\\\/\\\/awards.eviivo.com\\\/fr\\\/?s={search_term_string}\"},\"query-input\":{\"@type\":\"PropertyValueSpecification\",\"valueRequired\":true,\"valueName\":\"search_term_string\"}}],\"inLanguage\":\"en-GB\"}]}<\/script>\n<!-- \/ Yoast SEO plugin. -->","yoast_head_json":{"title":"S\u00e9jour le plus Insolite - eviivo Awards 2019","description":"Place \u00e0 l\u2019\u00e9vasion et aux exp\u00e9riences uniques ! Cette cat\u00e9gorie est r\u00e9serv\u00e9e aux h\u00e9bergeurs les plus singuliers et aux \u00e9tablissements aussi incroyables qu'insolites!","robots":{"index":"index","follow":"follow","max-snippet":"max-snippet:-1","max-image-preview":"max-image-preview:large","max-video-preview":"max-video-preview:-1"},"canonical":"https:\/\/awards.eviivo.com\/fr\/awards\/sejour-le-plus-insolite\/","og_locale":"en_GB","og_type":"article","og_title":"S\u00e9jour le plus Insolite - eviivo Awards 2019","og_description":"Place \u00e0 l\u2019\u00e9vasion et aux exp\u00e9riences uniques ! Cette cat\u00e9gorie est r\u00e9serv\u00e9e aux h\u00e9bergeurs les plus singuliers et aux \u00e9tablissements aussi incroyables qu'insolites!","og_url":"https:\/\/awards.eviivo.com\/fr\/awards\/sejour-le-plus-insolite\/","og_site_name":"eviivo Awards 2019","article_publisher":"https:\/\/www.facebook.com\/teameviivo\/","article_modified_time":"2019-11-21T10:09:54+00:00","og_image":[{"width":1080,"height":1080,"url":"https:\/\/awards.eviivo.com\/fr\/wp-content\/uploads\/sites\/3\/2019\/09\/eviivo-Awards-social-post.png","type":"image\/png"}],"twitter_card":"summary_large_image","twitter_image":"https:\/\/awards.eviivo.com\/fr\/wp-content\/uploads\/sites\/3\/2019\/09\/eviivo-Awards-social-post.png","twitter_site":"@eviivo","twitter_misc":{"Estimated reading time":"8 minutes"},"schema":{"@context":"https:\/\/schema.org","@graph":[{"@type":"WebPage","@id":"https:\/\/awards.eviivo.com\/fr\/awards\/sejour-le-plus-insolite\/","url":"https:\/\/awards.eviivo.com\/fr\/awards\/sejour-le-plus-insolite\/","name":"S\u00e9jour le plus Insolite - eviivo Awards 2019","isPartOf":{"@id":"https:\/\/awards.eviivo.com\/fr\/#website"},"datePublished":"2019-05-14T14:56:31+00:00","dateModified":"2019-11-21T10:09:54+00:00","description":"Place \u00e0 l\u2019\u00e9vasion et aux exp\u00e9riences uniques ! Cette cat\u00e9gorie est r\u00e9serv\u00e9e aux h\u00e9bergeurs les plus singuliers et aux \u00e9tablissements aussi incroyables qu'insolites!","breadcrumb":{"@id":"https:\/\/awards.eviivo.com\/fr\/awards\/sejour-le-plus-insolite\/#breadcrumb"},"inLanguage":"en-GB","potentialAction":[{"@type":"ReadAction","target":["https:\/\/awards.eviivo.com\/fr\/awards\/sejour-le-plus-insolite\/"]}]},{"@type":"BreadcrumbList","@id":"https:\/\/awards.eviivo.com\/fr\/awards\/sejour-le-plus-insolite\/#breadcrumb","itemListElement":[{"@type":"ListItem","position":1,"name":"Home","item":"https:\/\/awards.eviivo.com\/fr\/"},{"@type":"ListItem","position":2,"name":"Awards","item":"https:\/\/awards.eviivo.com\/fr\/awards\/"},{"@type":"ListItem","position":3,"name":"S\u00e9jour le plus Insolite"}]},{"@type":"WebSite","@id":"https:\/\/awards.eviivo.com\/fr\/#website","url":"https:\/\/awards.eviivo.com\/fr\/","name":"eviivo Awards 2019","description":"La grande comp\u00e9tition annuelle des h\u00e9bergeurs ind\u00e9pendants","potentialAction":[{"@type":"SearchAction","target":{"@type":"EntryPoint","urlTemplate":"https:\/\/awards.eviivo.com\/fr\/?s={search_term_string}"},"query-input":{"@type":"PropertyValueSpecification","valueRequired":true,"valueName":"search_term_string"}}],"inLanguage":"en-GB"}]}},"_links":{"self":[{"href":"https:\/\/awards.eviivo.com\/fr\/wp-json\/wp\/v2\/pages\/549","targetHints":{"allow":["GET"]}}],"collection":[{"href":"https:\/\/awards.eviivo.com\/fr\/wp-json\/wp\/v2\/pages"}],"about":[{"href":"https:\/\/awards.eviivo.com\/fr\/wp-json\/wp\/v2\/types\/page"}],"author":[{"embeddable":true,"href":"https:\/\/awards.eviivo.com\/fr\/wp-json\/wp\/v2\/users\/1"}],"replies":[{"embeddable":true,"href":"https:\/\/awards.eviivo.com\/fr\/wp-json\/wp\/v2\/comments?post=549"}],"version-history":[{"count":0,"href":"https:\/\/awards.eviivo.com\/fr\/wp-json\/wp\/v2\/pages\/549\/revisions"}],"up":[{"embeddable":true,"href":"https:\/\/awards.eviivo.com\/fr\/wp-json\/wp\/v2\/pages\/191"}],"wp:attachment":[{"href":"https:\/\/awards.eviivo.com\/fr\/wp-json\/wp\/v2\/media?parent=549"}],"curies":[{"name":"wp","href":"https:\/\/api.w.org\/{rel}","templated":true}]}}