{"id":551,"date":"2019-05-14T15:58:00","date_gmt":"2019-05-14T14:58:00","guid":{"rendered":"http:\/\/eviivoawards.wpengine.com\/?page_id=551"},"modified":"2019-11-22T10:44:04","modified_gmt":"2019-11-22T09:44:04","slug":"tresors-caches","status":"publish","type":"page","link":"https:\/\/awards.eviivo.com\/fr\/awards\/tresors-caches\/","title":{"rendered":"Tr\u00e9sors cach\u00e9s &amp; Merveille de France"},"content":{"rendered":"<p>[et_pb_section fb_built=&#8221;1&#8243; _builder_version=&#8221;3.22.4&#8243; background_color=&#8221;#000000&#8243; use_background_color_gradient=&#8221;on&#8221; background_color_gradient_start=&#8221;#000000&#8243; background_color_gradient_end=&#8221;#888888&#8243; background_color_gradient_direction=&#8221;90deg&#8221; background_color_gradient_start_position=&#8221;30%&#8221; background_color_gradient_end_position=&#8221;95%&#8221; background_image=&#8221;https:\/\/awards.eviivo.com\/fr\/wp-content\/uploads\/sites\/3\/2019\/05\/eviivo-awards.jpg&#8221; background_size=&#8221;initial&#8221;][et_pb_row _builder_version=&#8221;3.22.4&#8243;][et_pb_column type=&#8221;4_4&#8243; _builder_version=&#8221;3.0.47&#8243;][et_pb_text _builder_version=&#8221;3.22.4&#8243; text_font=&#8221;||||||||&#8221; text_text_color=&#8221;#000000&#8243; text_font_size=&#8221;24px&#8221; text_orientation=&#8221;center&#8221; custom_margin=&#8221;||16px&#8221; custom_padding=&#8221;||0px&#8221;]<\/p>\n<p>eviivo Awards 2019<\/p>\n<p>[\/et_pb_text][et_pb_text _builder_version=&#8221;3.22.4&#8243; text_font=&#8221;||||||||&#8221; text_text_color=&#8221;#000000&#8243; header_font=&#8221;|700|||||||&#8221; header_text_align=&#8221;center&#8221; header_text_color=&#8221;#000000&#8243; header_font_size=&#8221;42px&#8221; header_line_height=&#8221;1.5em&#8221;]<\/p>\n<h1>Tr\u00e9sors cach\u00e9s &amp; Merveille de France 2019<\/h1>\n<p>[\/et_pb_text][\/et_pb_column][\/et_pb_row][\/et_pb_section][et_pb_section fb_built=&#8221;1&#8243; admin_label=&#8221;Mas de l&#8217;Adret Merveille de France&#8221; _builder_version=&#8221;3.22.4&#8243; collapsed=&#8221;off&#8221;][et_pb_row custom_padding=&#8221;|32px||32px&#8221; custom_padding_phone=&#8221;|16px||16px&#8221; custom_margin=&#8221;||-50px&#8221; custom_padding_last_edited=&#8221;on|phone&#8221; _builder_version=&#8221;3.22.4&#8243; background_color=&#8221;#ffffff&#8221; border_radii=&#8221;on|40px|40px|40px|40px&#8221; width=&#8221;60%&#8221; width_tablet=&#8221;80%&#8221; width_phone=&#8221;100%&#8221; width_last_edited=&#8221;on|desktop&#8221; module_alignment=&#8221;center&#8221; custom_margin_tablet=&#8221;||0px&#8221; custom_margin_last_edited=&#8221;on|desktop&#8221; custom_css_main_element=&#8221;position: relative;||z-index: 1;&#8221;][et_pb_column type=&#8221;4_4&#8243; _builder_version=&#8221;3.22.4&#8243;][et_pb_text _builder_version=&#8221;3.22.4&#8243; text_font=&#8221;||||||||&#8221; header_font=&#8221;||||||||&#8221; header_3_font=&#8221;||||||||&#8221; header_3_text_align=&#8221;center&#8221; header_3_text_color=&#8221;#f9c22f&#8221; header_3_font_size=&#8221;32px&#8221; text_orientation=&#8221;center&#8221; custom_margin=&#8221;||0px&#8221; custom_padding=&#8221;||0px&#8221;]<\/p>\n<h3>Gagnant 2019<\/h3>\n<p>[\/et_pb_text][et_pb_blurb title=&#8221;Le Mas de l&#8217;Adret&#8221; url=&#8221;https:\/\/www.theoldbakerynorfolk.co.uk\/&#8221; url_new_window=&#8221;on&#8221; content_max_width=&#8221;800px&#8221; _builder_version=&#8221;3.22.4&#8243; header_level=&#8221;h2&#8243; header_font=&#8221;||||||||&#8221; header_font_size=&#8221;36px&#8221; header_font_size_phone=&#8221;25px&#8221; header_font_size_last_edited=&#8221;on|phone&#8221; header_line_height=&#8221;1.4em&#8221; body_font=&#8221;||||||||&#8221; body_text_align=&#8221;center&#8221; body_text_color=&#8221;#000000&#8243; body_font_size=&#8221;14px&#8221; text_orientation=&#8221;center&#8221; custom_margin=&#8221;||&#8221; custom_padding=&#8221;||0px|||&#8221;]<\/p>\n<h3><span style=\"color: #808080\">Auverge-Rh\u00f4ne-Alpes<\/span><\/h3>\n<p>[\/et_pb_blurb][\/et_pb_column][\/et_pb_row][et_pb_row use_custom_gutter=&#8221;on&#8221; gutter_width=&#8221;1&#8243; custom_padding=&#8221;|32px|0px|&#8221; custom_margin=&#8221;||0px&#8221; make_equal=&#8221;on&#8221; _builder_version=&#8221;3.22.4&#8243; background_image=&#8221;https:\/\/awards.eviivo.com\/fr\/wp-content\/uploads\/sites\/3\/2019\/10\/1358649-diaporama.jpg&#8221; min_height=&#8221;529px&#8221; custom_css_main_element=&#8221;min-height: 500px\t&#8220;][et_pb_column type=&#8221;4_4&#8243; _builder_version=&#8221;3.22.4&#8243;][\/et_pb_column][\/et_pb_row][et_pb_row use_custom_gutter=&#8221;on&#8221; gutter_width=&#8221;1&#8243; custom_padding=&#8221;0px|||||&#8221; custom_margin=&#8221;0px||&#8221; make_equal=&#8221;on&#8221; background_color_1=&#8221;#eee&#8221; background_color_2=&#8221;#f2f2f2&#8243; padding_top_1=&#8221;0px&#8221; padding_top_2=&#8221;0px&#8221; _builder_version=&#8221;3.22.4&#8243;][et_pb_column type=&#8221;1_2&#8243; _builder_version=&#8221;3.22.4&#8243;][et_pb_text _builder_version=&#8221;3.22.4&#8243; text_font=&#8221;||||||||&#8221; text_text_color=&#8221;#000000&#8243; text_font_size=&#8221;16px&#8221; text_line_height=&#8221;1.8em&#8221; header_3_font=&#8221;||||||||&#8221; header_3_text_color=&#8221;#000000&#8243; header_3_font_size=&#8221;28px&#8221; header_3_line_height=&#8221;1.7em&#8221; text_orientation=&#8221;center&#8221; custom_margin=&#8221;|||&#8221; custom_padding=&#8221;32px|32px|32px|32px&#8221;]<\/p>\n<h3>\u00c0 propos de la propri\u00e9t\u00e9<\/h3>\n<p>Le Mas de l&#8217;Adret est une magnifique propri\u00e9t\u00e9 comprenant sept chambres d&#8217;h\u00f4tes. La d\u00e9coration luxueuse et moderne s&#8217;associe au charme proven\u00e7al pour offrir un caract\u00e8re unique au mas. Les invit\u00e9s peuvent notamment profiter d&#8217;une piscine et d&#8217;un spa int\u00e9rieur et ext\u00e9rieur donnant sur la vall\u00e9e. La propri\u00e9t\u00e9 surplombant les champs de lavande, une vue imprenable attend les h\u00f4tes.\u00a0<\/p>\n<p>[\/et_pb_text][\/et_pb_column][et_pb_column type=&#8221;1_2&#8243; _builder_version=&#8221;3.22.4&#8243;][et_pb_text _builder_version=&#8221;3.22.4&#8243; text_font=&#8221;||||||||&#8221; text_text_color=&#8221;#000000&#8243; text_font_size=&#8221;16px&#8221; text_line_height=&#8221;1.8em&#8221; header_3_font=&#8221;||||||||&#8221; header_3_text_color=&#8221;#000000&#8243; header_3_font_size=&#8221;28px&#8221; header_3_line_height=&#8221;1.7em&#8221; text_orientation=&#8221;center&#8221; custom_margin=&#8221;|||&#8221; custom_padding=&#8221;32px|32px|32px|32px&#8221;]<\/p>\n<h3>Ce qu&#8217;en pensent les juges<\/h3>\n<p><em>\u201cCette propri\u00e9t\u00e9 d\u2019exception nich\u00e9e au c\u0153ur de la Provence offre \u00e0 ses convives une exp\u00e9rience inoubliable.<\/em><\/p>\n<p><em>Les h\u00f4tes tombent instantan\u00e9ment sous le charme de la magnifique piscine avec vue sur la vall\u00e9e ou encore le mas lui-m\u00eame surplombant les champs de lavande.<\/em><\/p>\n<p><em>Les juges ont particuli\u00e8rement aim\u00e9 la situation exceptionnelle du lieu au sommet\u00a0d&#8217;une colline entour\u00e9 de lavande, o\u00f9 l&#8217;on peut se faire masser au son des cigales&#8221;<\/em><\/p>\n<p>[\/et_pb_text][\/et_pb_column][\/et_pb_row][\/et_pb_section][et_pb_section fb_built=&#8221;1&#8243; admin_label=&#8221;Tr\u00e9sors Cach\u00e9s gagnants&#8221; _builder_version=&#8221;3.22.4&#8243; collapsed=&#8221;off&#8221;][et_pb_row custom_padding=&#8221;|32px||32px&#8221; custom_padding_phone=&#8221;|16px||16px&#8221; custom_margin=&#8221;||-50px&#8221; custom_padding_last_edited=&#8221;on|phone&#8221; _builder_version=&#8221;3.22.4&#8243; background_color=&#8221;#ffffff&#8221; border_radii=&#8221;on|40px|40px|40px|40px&#8221; width=&#8221;60%&#8221; width_tablet=&#8221;80%&#8221; width_phone=&#8221;100%&#8221; width_last_edited=&#8221;on|desktop&#8221; module_alignment=&#8221;center&#8221; custom_margin_tablet=&#8221;||0px&#8221; custom_margin_last_edited=&#8221;on|desktop&#8221; custom_css_main_element=&#8221;position: relative;||z-index: 1;&#8221;][et_pb_column type=&#8221;4_4&#8243; _builder_version=&#8221;3.22.4&#8243;][et_pb_text _builder_version=&#8221;3.22.4&#8243; text_font=&#8221;||||||||&#8221; header_font=&#8221;||||||||&#8221; header_3_font=&#8221;||||||||&#8221; header_3_text_align=&#8221;center&#8221; header_3_text_color=&#8221;#f9c22f&#8221; header_3_font_size=&#8221;32px&#8221; text_orientation=&#8221;center&#8221; custom_margin=&#8221;||0px&#8221; custom_padding=&#8221;||0px&#8221;]<\/p>\n<h3>Les gagnants des Tr\u00e9sors Cach\u00e9s r\u00e9gionaux<\/h3>\n<p>[\/et_pb_text][et_pb_blurb url=&#8221;https:\/\/www.theoldbakerynorfolk.co.uk\/&#8221; url_new_window=&#8221;on&#8221; content_max_width=&#8221;800px&#8221; _builder_version=&#8221;3.22.4&#8243; header_level=&#8221;h2&#8243; header_font=&#8221;||||||||&#8221; header_font_size=&#8221;36px&#8221; header_font_size_phone=&#8221;25px&#8221; header_font_size_last_edited=&#8221;on|phone&#8221; header_line_height=&#8221;1.4em&#8221; body_font=&#8221;||||||||&#8221; body_text_align=&#8221;center&#8221; body_text_color=&#8221;#000000&#8243; body_font_size=&#8221;14px&#8221; text_orientation=&#8221;center&#8221; custom_margin=&#8221;||&#8221; custom_padding=&#8221;||0px|||&#8221;][\/et_pb_blurb][\/et_pb_column][\/et_pb_row][et_pb_row use_custom_gutter=&#8221;on&#8221; gutter_width=&#8221;1&#8243; custom_padding=&#8221;|32px|0px|&#8221; custom_margin=&#8221;||0px&#8221; make_equal=&#8221;on&#8221; _builder_version=&#8221;3.22.4&#8243; background_image=&#8221;http:\/\/awards.eviivo.com\/fr\/wp-content\/uploads\/sites\/3\/2019\/11\/Tr\u00e9sor-Cach\u00e9.jpg&#8221; min_height=&#8221;529px&#8221; custom_css_main_element=&#8221;min-height: 500px\t&#8220;][et_pb_column type=&#8221;4_4&#8243; _builder_version=&#8221;3.22.4&#8243;][\/et_pb_column][\/et_pb_row][et_pb_row use_custom_gutter=&#8221;on&#8221; gutter_width=&#8221;1&#8243; custom_padding=&#8221;0px|||||&#8221; custom_margin=&#8221;0px||&#8221; make_equal=&#8221;on&#8221; background_color_1=&#8221;#eee&#8221; background_color_2=&#8221;#f2f2f2&#8243; padding_top_1=&#8221;0px&#8221; padding_top_2=&#8221;0px&#8221; _builder_version=&#8221;3.22.4&#8243;][et_pb_column type=&#8221;1_2&#8243; _builder_version=&#8221;3.22.4&#8243;][et_pb_text _builder_version=&#8221;3.22.4&#8243; text_font=&#8221;||||||||&#8221; text_text_color=&#8221;#000000&#8243; text_font_size=&#8221;16px&#8221; text_line_height=&#8221;1.8em&#8221; header_3_font=&#8221;||||||||&#8221; header_3_text_color=&#8221;#000000&#8243; header_3_font_size=&#8221;28px&#8221; header_3_line_height=&#8221;1.7em&#8221; text_orientation=&#8221;center&#8221; custom_margin=&#8221;|||&#8221; custom_padding=&#8221;32px|32px|32px|32px&#8221;]<\/p>\n<h3>\u00c0 propros de cette cat\u00e9gorie<\/h3>\n<p>Les prix \u201cLes Tr\u00e9sors cach\u00e9s\u201d et \u201cMerveille de France\u201d sont d\u00e9cern\u00e9s \u00e0 des h\u00e9bergements d\u2019exception qui laissent aux invit\u00e9s des souvenirs m\u00e9morables.<br \/> Nous avons demand\u00e9 aux h\u00e9bergeurs des informations sur ce qui rend leur bien unique et de nous raconter leur histoire. Chaque propri\u00e9t\u00e9 devait expliquait pourquoi elle devrait \u00eatre gagnante et ce qui fait d\u2019elle un lieu d\u2019exception.<\/p>\n<p> Les 5 gagnants ont \u00e9t\u00e9 annonc\u00e9s lors de la c\u00e9r\u00e9monie, avec le grand gagnant\u00a0: La Merveille de France<\/p>\n<p>[\/et_pb_text][\/et_pb_column][et_pb_column type=&#8221;1_2&#8243; _builder_version=&#8221;3.22.4&#8243;][et_pb_text admin_label=&#8221;Text&#8221; _builder_version=&#8221;3.22.4&#8243; text_font=&#8221;||||||||&#8221; text_text_color=&#8221;#000000&#8243; text_font_size=&#8221;16px&#8221; text_line_height=&#8221;1.8em&#8221; header_3_font=&#8221;||||||||&#8221; header_3_text_color=&#8221;#000000&#8243; header_3_font_size=&#8221;28px&#8221; header_3_line_height=&#8221;1.7em&#8221; text_orientation=&#8221;center&#8221; custom_margin=&#8221;|||&#8221; custom_padding=&#8221;32px|32px|32px|32px&#8221;]<\/p>\n<h3>Les gagnants<\/h3>\n<p style=\"text-align: left\"><strong>Les Pr\u00e9montr\u00e9s<\/strong> &#8211; Tr\u00e9sor Cach\u00e9 Nord-Ouest<\/p>\n<p style=\"text-align: left\"><strong>Le Ch\u00e2teau de Balleure<\/strong> &#8211; Tr\u00e9sor Cach\u00e9 Nord-Est<\/p>\n<p style=\"text-align: left\"><strong>Le Mas del&#8217;Adret<\/strong> &#8211; Tr\u00e9sor Cach\u00e9 Sud-Est<\/p>\n<p style=\"text-align: left\"><strong>Les Cabanes de Pyrene<\/strong> &#8211; Tr\u00e9sor Cach\u00e9 Sud-Ouest<\/p>\n<p style=\"text-align: left\"><strong>Le Ch\u00e2teau de la Vierge<\/strong> &#8211; Tr\u00e9sor Cach\u00e9 \u00cele-de-France<\/p>\n<p>[\/et_pb_text][\/et_pb_column][\/et_pb_row][\/et_pb_section][et_pb_section fb_built=&#8221;1&#8243; _builder_version=&#8221;3.22.4&#8243;][et_pb_row _builder_version=&#8221;3.22.4&#8243;][et_pb_column type=&#8221;4_4&#8243; _builder_version=&#8221;3.22.4&#8243;][et_pb_text _builder_version=&#8221;3.22.4&#8243; text_font=&#8221;||||||||&#8221; text_font_size=&#8221;16px&#8221; text_line_height=&#8221;2.1em&#8221; custom_padding=&#8221;||1px|||&#8221; z_index_tablet=&#8221;500&#8243;]<\/p>\n<p>Les prix &#8220;Les Tr\u00e9sors cach\u00e9s&#8221; et &#8220;Merveille de France&#8221; sont d\u00e9cern\u00e9s \u00e0 des h\u00e9bergements d&#8217;exception qui laissent aux invit\u00e9s des souvenirs m\u00e9morables. Lors de la c\u00e9r\u00e9monie, 5 propri\u00e9t\u00e9s r\u00e9gionales seront annonc\u00e9es gagnantes &#8211; Les Tr\u00e9sors cach\u00e9s de France. Puis, une deuxi\u00e8me s\u00e9lection sera faite \u00e0 partir de ces 5 gagnants, la propri\u00e9t\u00e9 gagnante sera alors nomm\u00e9e &#8220;Merveille de France&#8221; ! Notre d\u00e9cision sera bas\u00e9e sur plusieurs indicateurs (performance en ligne,avis clients, etc.) et d&#8217;informations provenant des h\u00e9bergeurs sur ce qui leur bien unique. Nous demandons aux propri\u00e9t\u00e9s de nous raconter leur histoire, de nous dire pourquoi elles devraient \u00eatre gagnantes et ce qui fait d&#8217;elles des lieux pour des vacances d&#8217;exception.<\/p>\n<p>[\/et_pb_text][et_pb_divider _builder_version=&#8221;3.22.4&#8243; z_index_tablet=&#8221;500&#8243; saved_tabs=&#8221;all&#8221;][\/et_pb_divider][\/et_pb_column][\/et_pb_row][\/et_pb_section][et_pb_section fb_built=&#8221;1&#8243; _builder_version=&#8221;3.22.3&#8243;][et_pb_row make_equal=&#8221;on&#8221; _builder_version=&#8221;3.22.4&#8243; z_index_tablet=&#8221;500&#8243;][et_pb_column type=&#8221;1_2&#8243; _builder_version=&#8221;3.0.47&#8243;][et_pb_image src=&#8221;https:\/\/awards.eviivo.com\/fr\/wp-content\/uploads\/sites\/3\/2019\/06\/tresor-cache-ext-e1560415447382.jpg&#8221; _builder_version=&#8221;3.22.4&#8243; z_index_tablet=&#8221;500&#8243;][\/et_pb_image][\/et_pb_column][et_pb_column type=&#8221;1_2&#8243; _builder_version=&#8221;3.0.47&#8243;][et_pb_text _builder_version=&#8221;3.22.4&#8243; header_font=&#8221;||||||||&#8221; header_2_font=&#8221;||||||||&#8221; header_3_font=&#8221;||||||||&#8221; header_3_line_height=&#8221;1.4em&#8221;]<\/p>\n<h3 class=\"p1\">Crit\u00e8res des jurys pour la cat\u00e9gorie Tr\u00e9sors cach\u00e9s et Merveille de France<\/h3>\n<p>[\/et_pb_text][et_pb_text ul_type=&#8221;square&#8221; ul_item_indent=&#8221;20px&#8221; _builder_version=&#8221;3.22.4&#8243; text_font=&#8221;||||||||&#8221; ul_font=&#8221;||||||||&#8221; ul_text_align=&#8221;left&#8221; ul_font_size=&#8221;15px&#8221; ul_line_height=&#8221;2em&#8221; custom_padding=&#8221;0px|||||&#8221;]<\/p>\n<ul>\n<li>Cinq laur\u00e9ats r\u00e9gionaux seront s\u00e9lectionn\u00e9s.<\/li>\n<li class=\"li1\">Nous regarderons les performances de chaque propri\u00e9t\u00e9 en ligne et examinerons les scores pour d\u00e9cider.<\/li>\n<li class=\"li2\">Les juges examineront ce qui rend la propri\u00e9t\u00e9 unique et sp\u00e9ciale.<\/li>\n<li class=\"li2\">Nous aimerions savoir comment la propri\u00e9t\u00e9 a vu le jour et comment les h\u00f4tes sont entr\u00e9s dans le monde merveilleux de l&#8217;h\u00e9bergement.<\/li>\n<\/ul>\n<p>[\/et_pb_text][\/et_pb_column][\/et_pb_row][et_pb_row _builder_version=&#8221;3.22.3&#8243; background_size=&#8221;initial&#8221; background_position=&#8221;top_left&#8221; background_repeat=&#8221;repeat&#8221;][\/et_pb_row][\/et_pb_section]<\/p>\n","protected":false},"excerpt":{"rendered":"<p>[et_pb_section fb_built=&#8221;1&#8243; _builder_version=&#8221;3.22.4&#8243; background_color=&#8221;#000000&#8243; use_background_color_gradient=&#8221;on&#8221; background_color_gradient_start=&#8221;#000000&#8243; background_color_gradient_end=&#8221;#888888&#8243; background_color_gradient_direction=&#8221;90deg&#8221; background_color_gradient_start_position=&#8221;30%&#8221; background_color_gradient_end_position=&#8221;95%&#8221; background_image=&#8221;https:\/\/awards.eviivo.com\/fr\/wp-content\/uploads\/sites\/3\/2019\/05\/eviivo-awards.jpg&#8221; background_size=&#8221;initial&#8221;][et_pb_row _builder_version=&#8221;3.22.4&#8243;][et_pb_column type=&#8221;4_4&#8243; _builder_version=&#8221;3.0.47&#8243;][et_pb_text _builder_version=&#8221;3.22.4&#8243; text_font=&#8221;||||||||&#8221; text_text_color=&#8221;#000000&#8243; text_font_size=&#8221;24px&#8221; text_orientation=&#8221;center&#8221; custom_margin=&#8221;||16px&#8221; custom_padding=&#8221;||0px&#8221;] eviivo Awards 2019 [\/et_pb_text][et_pb_text _builder_version=&#8221;3.22.4&#8243; text_font=&#8221;||||||||&#8221; text_text_color=&#8221;#000000&#8243; header_font=&#8221;|700|||||||&#8221; header_text_align=&#8221;center&#8221; header_text_color=&#8221;#000000&#8243; header_font_size=&#8221;42px&#8221; header_line_height=&#8221;1.5em&#8221;] Tr\u00e9sors cach\u00e9s &amp; Merveille de France 2019 [\/et_pb_text][\/et_pb_column][\/et_pb_row][\/et_pb_section][et_pb_section fb_built=&#8221;1&#8243; admin_label=&#8221;Mas de l&#8217;Adret Merveille de France&#8221; _builder_version=&#8221;3.22.4&#8243; collapsed=&#8221;off&#8221;][et_pb_row custom_padding=&#8221;|32px||32px&#8221; custom_padding_phone=&#8221;|16px||16px&#8221; custom_margin=&#8221;||-50px&#8221; custom_padding_last_edited=&#8221;on|phone&#8221; [&hellip;]<\/p>\n","protected":false},"author":1,"featured_media":0,"parent":191,"menu_order":0,"comment_status":"closed","ping_status":"closed","template":"","meta":{"_et_pb_use_builder":"on","_et_pb_old_content":"","footnotes":""},"class_list":["post-551","page","type-page","status-publish","hentry"],"yoast_head":"<!-- This site is optimized with the Yoast SEO plugin v27.3 - https:\/\/yoast.com\/product\/yoast-seo-wordpress\/ -->\n<title>Tr\u00e9sors cach\u00e9s &amp; Merveille de France - eviivo Awards 2019<\/title>\n<meta name=\"description\" content=\"Six grandes r\u00e9gions explor\u00e9es, \u00e0 la d\u00e9couverte des propri\u00e9t\u00e9s les plus incroyables et d\u2019histoires uniques. Six tr\u00e9sors r\u00e9gionaux pour une Merveille de France.\" \/>\n<meta name=\"robots\" content=\"index, follow, max-snippet:-1, max-image-preview:large, max-video-preview:-1\" \/>\n<link rel=\"canonical\" href=\"https:\/\/awards.eviivo.com\/fr\/awards\/tresors-caches\/\" \/>\n<meta property=\"og:locale\" content=\"en_GB\" \/>\n<meta property=\"og:type\" content=\"article\" \/>\n<meta property=\"og:title\" content=\"Tr\u00e9sors cach\u00e9s &amp; Merveille de France - eviivo Awards 2019\" \/>\n<meta property=\"og:description\" content=\"Six grandes r\u00e9gions explor\u00e9es, \u00e0 la d\u00e9couverte des propri\u00e9t\u00e9s les plus incroyables et d\u2019histoires uniques. Six tr\u00e9sors r\u00e9gionaux pour une Merveille de France.\" \/>\n<meta property=\"og:url\" content=\"https:\/\/awards.eviivo.com\/fr\/awards\/tresors-caches\/\" \/>\n<meta property=\"og:site_name\" content=\"eviivo Awards 2019\" \/>\n<meta property=\"article:publisher\" content=\"https:\/\/www.facebook.com\/teameviivo\/\" \/>\n<meta property=\"article:modified_time\" content=\"2019-11-22T09:44:04+00:00\" \/>\n<meta property=\"og:image\" content=\"https:\/\/awards.eviivo.com\/fr\/wp-content\/uploads\/sites\/3\/2019\/09\/eviivo-Awards-social-post.png\" \/>\n\t<meta property=\"og:image:width\" content=\"1080\" \/>\n\t<meta property=\"og:image:height\" content=\"1080\" \/>\n\t<meta property=\"og:image:type\" content=\"image\/png\" \/>\n<meta name=\"twitter:card\" content=\"summary_large_image\" \/>\n<meta name=\"twitter:image\" content=\"https:\/\/awards.eviivo.com\/fr\/wp-content\/uploads\/sites\/3\/2019\/09\/eviivo-Awards-social-post.png\" \/>\n<meta name=\"twitter:site\" content=\"@eviivo\" \/>\n<meta name=\"twitter:label1\" content=\"Estimated reading time\" \/>\n\t<meta name=\"twitter:data1\" content=\"8 minutes\" \/>\n<script type=\"application\/ld+json\" class=\"yoast-schema-graph\">{\"@context\":\"https:\\\/\\\/schema.org\",\"@graph\":[{\"@type\":\"WebPage\",\"@id\":\"https:\\\/\\\/awards.eviivo.com\\\/fr\\\/awards\\\/tresors-caches\\\/\",\"url\":\"https:\\\/\\\/awards.eviivo.com\\\/fr\\\/awards\\\/tresors-caches\\\/\",\"name\":\"Tr\u00e9sors cach\u00e9s &amp; Merveille de France - eviivo Awards 2019\",\"isPartOf\":{\"@id\":\"https:\\\/\\\/awards.eviivo.com\\\/fr\\\/#website\"},\"datePublished\":\"2019-05-14T14:58:00+00:00\",\"dateModified\":\"2019-11-22T09:44:04+00:00\",\"description\":\"Six grandes r\u00e9gions explor\u00e9es, \u00e0 la d\u00e9couverte des propri\u00e9t\u00e9s les plus incroyables et d\u2019histoires uniques. Six tr\u00e9sors r\u00e9gionaux pour une Merveille de France.\",\"breadcrumb\":{\"@id\":\"https:\\\/\\\/awards.eviivo.com\\\/fr\\\/awards\\\/tresors-caches\\\/#breadcrumb\"},\"inLanguage\":\"en-GB\",\"potentialAction\":[{\"@type\":\"ReadAction\",\"target\":[\"https:\\\/\\\/awards.eviivo.com\\\/fr\\\/awards\\\/tresors-caches\\\/\"]}]},{\"@type\":\"BreadcrumbList\",\"@id\":\"https:\\\/\\\/awards.eviivo.com\\\/fr\\\/awards\\\/tresors-caches\\\/#breadcrumb\",\"itemListElement\":[{\"@type\":\"ListItem\",\"position\":1,\"name\":\"Home\",\"item\":\"https:\\\/\\\/awards.eviivo.com\\\/fr\\\/\"},{\"@type\":\"ListItem\",\"position\":2,\"name\":\"Awards\",\"item\":\"https:\\\/\\\/awards.eviivo.com\\\/fr\\\/awards\\\/\"},{\"@type\":\"ListItem\",\"position\":3,\"name\":\"Tr\u00e9sors cach\u00e9s &amp; Merveille de France\"}]},{\"@type\":\"WebSite\",\"@id\":\"https:\\\/\\\/awards.eviivo.com\\\/fr\\\/#website\",\"url\":\"https:\\\/\\\/awards.eviivo.com\\\/fr\\\/\",\"name\":\"eviivo Awards 2019\",\"description\":\"La grande comp\u00e9tition annuelle des h\u00e9bergeurs ind\u00e9pendants\",\"potentialAction\":[{\"@type\":\"SearchAction\",\"target\":{\"@type\":\"EntryPoint\",\"urlTemplate\":\"https:\\\/\\\/awards.eviivo.com\\\/fr\\\/?s={search_term_string}\"},\"query-input\":{\"@type\":\"PropertyValueSpecification\",\"valueRequired\":true,\"valueName\":\"search_term_string\"}}],\"inLanguage\":\"en-GB\"}]}<\/script>\n<!-- \/ Yoast SEO plugin. -->","yoast_head_json":{"title":"Tr\u00e9sors cach\u00e9s &amp; Merveille de France - eviivo Awards 2019","description":"Six grandes r\u00e9gions explor\u00e9es, \u00e0 la d\u00e9couverte des propri\u00e9t\u00e9s les plus incroyables et d\u2019histoires uniques. Six tr\u00e9sors r\u00e9gionaux pour une Merveille de France.","robots":{"index":"index","follow":"follow","max-snippet":"max-snippet:-1","max-image-preview":"max-image-preview:large","max-video-preview":"max-video-preview:-1"},"canonical":"https:\/\/awards.eviivo.com\/fr\/awards\/tresors-caches\/","og_locale":"en_GB","og_type":"article","og_title":"Tr\u00e9sors cach\u00e9s &amp; Merveille de France - eviivo Awards 2019","og_description":"Six grandes r\u00e9gions explor\u00e9es, \u00e0 la d\u00e9couverte des propri\u00e9t\u00e9s les plus incroyables et d\u2019histoires uniques. Six tr\u00e9sors r\u00e9gionaux pour une Merveille de France.","og_url":"https:\/\/awards.eviivo.com\/fr\/awards\/tresors-caches\/","og_site_name":"eviivo Awards 2019","article_publisher":"https:\/\/www.facebook.com\/teameviivo\/","article_modified_time":"2019-11-22T09:44:04+00:00","og_image":[{"width":1080,"height":1080,"url":"https:\/\/awards.eviivo.com\/fr\/wp-content\/uploads\/sites\/3\/2019\/09\/eviivo-Awards-social-post.png","type":"image\/png"}],"twitter_card":"summary_large_image","twitter_image":"https:\/\/awards.eviivo.com\/fr\/wp-content\/uploads\/sites\/3\/2019\/09\/eviivo-Awards-social-post.png","twitter_site":"@eviivo","twitter_misc":{"Estimated reading time":"8 minutes"},"schema":{"@context":"https:\/\/schema.org","@graph":[{"@type":"WebPage","@id":"https:\/\/awards.eviivo.com\/fr\/awards\/tresors-caches\/","url":"https:\/\/awards.eviivo.com\/fr\/awards\/tresors-caches\/","name":"Tr\u00e9sors cach\u00e9s &amp; Merveille de France - eviivo Awards 2019","isPartOf":{"@id":"https:\/\/awards.eviivo.com\/fr\/#website"},"datePublished":"2019-05-14T14:58:00+00:00","dateModified":"2019-11-22T09:44:04+00:00","description":"Six grandes r\u00e9gions explor\u00e9es, \u00e0 la d\u00e9couverte des propri\u00e9t\u00e9s les plus incroyables et d\u2019histoires uniques. Six tr\u00e9sors r\u00e9gionaux pour une Merveille de France.","breadcrumb":{"@id":"https:\/\/awards.eviivo.com\/fr\/awards\/tresors-caches\/#breadcrumb"},"inLanguage":"en-GB","potentialAction":[{"@type":"ReadAction","target":["https:\/\/awards.eviivo.com\/fr\/awards\/tresors-caches\/"]}]},{"@type":"BreadcrumbList","@id":"https:\/\/awards.eviivo.com\/fr\/awards\/tresors-caches\/#breadcrumb","itemListElement":[{"@type":"ListItem","position":1,"name":"Home","item":"https:\/\/awards.eviivo.com\/fr\/"},{"@type":"ListItem","position":2,"name":"Awards","item":"https:\/\/awards.eviivo.com\/fr\/awards\/"},{"@type":"ListItem","position":3,"name":"Tr\u00e9sors cach\u00e9s &amp; Merveille de France"}]},{"@type":"WebSite","@id":"https:\/\/awards.eviivo.com\/fr\/#website","url":"https:\/\/awards.eviivo.com\/fr\/","name":"eviivo Awards 2019","description":"La grande comp\u00e9tition annuelle des h\u00e9bergeurs ind\u00e9pendants","potentialAction":[{"@type":"SearchAction","target":{"@type":"EntryPoint","urlTemplate":"https:\/\/awards.eviivo.com\/fr\/?s={search_term_string}"},"query-input":{"@type":"PropertyValueSpecification","valueRequired":true,"valueName":"search_term_string"}}],"inLanguage":"en-GB"}]}},"_links":{"self":[{"href":"https:\/\/awards.eviivo.com\/fr\/wp-json\/wp\/v2\/pages\/551","targetHints":{"allow":["GET"]}}],"collection":[{"href":"https:\/\/awards.eviivo.com\/fr\/wp-json\/wp\/v2\/pages"}],"about":[{"href":"https:\/\/awards.eviivo.com\/fr\/wp-json\/wp\/v2\/types\/page"}],"author":[{"embeddable":true,"href":"https:\/\/awards.eviivo.com\/fr\/wp-json\/wp\/v2\/users\/1"}],"replies":[{"embeddable":true,"href":"https:\/\/awards.eviivo.com\/fr\/wp-json\/wp\/v2\/comments?post=551"}],"version-history":[{"count":0,"href":"https:\/\/awards.eviivo.com\/fr\/wp-json\/wp\/v2\/pages\/551\/revisions"}],"up":[{"embeddable":true,"href":"https:\/\/awards.eviivo.com\/fr\/wp-json\/wp\/v2\/pages\/191"}],"wp:attachment":[{"href":"https:\/\/awards.eviivo.com\/fr\/wp-json\/wp\/v2\/media?parent=551"}],"curies":[{"name":"wp","href":"https:\/\/api.w.org\/{rel}","templated":true}]}}